{"id":5870,"date":"2025-01-10T17:49:07","date_gmt":"2025-01-10T17:49:07","guid":{"rendered":"https:\/\/www.wellnestla.org\/mensaje-del-presidente-y-director-general\/"},"modified":"2025-08-12T15:50:19","modified_gmt":"2025-08-12T15:50:19","slug":"mensaje-del-presidente-y-director-general","status":"publish","type":"page","link":"https:\/\/www.wellnestla.org\/es\/acerca-de\/mensaje-del-presidente-y-director-general\/","title":{"rendered":"Mensaje del Presidente y Director General"},"content":{"rendered":"<p>[et_pb_section fb_built=\u00bb1&#8243; _builder_version=\u00bb4.20.0&#8243; _module_preset=\u00bbdefault\u00bb background_image=\u00bbhttps:\/\/www.wellnestla.org\/wp-content\/uploads\/2023\/02\/Large-Light-Blue-Cloud-Background.jpg\u00bb global_colors_info=\u00bb{}\u00bb][et_pb_row column_structure=\u00bb3_5,2_5&#8243; use_custom_gutter=\u00bbon\u00bb gutter_width=\u00bb1&#8243; _builder_version=\u00bb4.20.0&#8243; _module_preset=\u00bbdefault\u00bb global_colors_info=\u00bb{}\u00bb][et_pb_column type=\u00bb3_5&#8243; _builder_version=\u00bb4.20.0&#8243; _module_preset=\u00bbdefault\u00bb global_colors_info=\u00bb{}\u00bb][et_pb_text _builder_version=\u00bb4.27.4&#8243; _module_preset=\u00bbdefault\u00bb header_font=\u00bb||||||||\u00bb header_text_color=\u00bb#666666&#8243; header_line_height=\u00bb82.3px\u00bb header_font_size_tablet=\u00bb55px\u00bb header_font_size_phone=\u00bb35px\u00bb header_font_size_last_edited=\u00bbon|phone\u00bb global_colors_info=\u00bb{}\u00bb]<\/p>\n<h1><b>Mensaje de la Presidenta y Directora General<\/b><\/h1>\n<p>[\/et_pb_text][\/et_pb_column][et_pb_column type=\u00bb2_5&#8243; _builder_version=\u00bb4.20.0&#8243; _module_preset=\u00bbdefault\u00bb global_colors_info=\u00bb{}\u00bb][dipl_breadcrumb breadcrumb_layout=\u00bblayout2&#8243; separator_type=\u00bbicon_separator\u00bb separator_icon=\u00bb&#x45;||divi||400&#8243; separator_color=\u00bb#FFFFFF\u00bb separator_size_tablet=\u00bb\u00bb separator_size_phone=\u00bb8px\u00bb separator_size_last_edited=\u00bbon|phone\u00bb _builder_version=\u00bb4.20.0&#8243; _module_preset=\u00bbdefault\u00bb global_text_settings_text_align=\u00bbright\u00bb global_text_settings_font_size=\u00bb13px\u00bb text_font=\u00bb|700|||||||\u00bb link_text_color=\u00bb#FFFFFF\u00bb background_color=\u00bbgcid-5d685373-0ca0-404e-b8bf-74d115c5b5ad\u00bb custom_margin=\u00bb1.5em||||false|false\u00bb custom_padding=\u00bb0.5em|0.65em|0.5em|1em|true|false\u00bb custom_padding_tablet=\u00bb0.5em|0.65em|0.5em|1em|true|false\u00bb custom_padding_phone=\u00bb0.1em|0.65em|0.1em|1em|true|false\u00bb custom_padding_last_edited=\u00bbon|phone\u00bb global_text_settings_text_align_tablet=\u00bbright\u00bb global_text_settings_text_align_phone=\u00bbcenter\u00bb global_text_settings_text_align_last_edited=\u00bbon|phone\u00bb global_text_settings_font_size_tablet=\u00bb13px\u00bb global_text_settings_font_size_phone=\u00bb8px\u00bb global_text_settings_font_size_last_edited=\u00bbon|phone\u00bb custom_css_main_element=\u00bbdisplay: inline-block;||float: right;\u00bb border_radii=\u00bbon|50px|50px|50px|50px\u00bb global_colors_info=\u00bb{%22gcid-5d685373-0ca0-404e-b8bf-74d115c5b5ad%22:%91%22background_color%22,%22background_color%22%93}\u00bb custom_css_main_element_tablet=\u00bbfloat: left;\u00bb custom_css_main_element_phone=\u00bbfloat: left;\u00bb custom_css_main_element_last_edited=\u00bbon|phone\u00bb][\/dipl_breadcrumb][\/et_pb_column][\/et_pb_row][\/et_pb_section][et_pb_section fb_built=\u00bb1&#8243; _builder_version=\u00bb4.27.3&#8243; _module_preset=\u00bbdefault\u00bb locked=\u00bboff\u00bb global_colors_info=\u00bb{}\u00bb][et_pb_row _builder_version=\u00bb4.27.3&#8243; _module_preset=\u00bbdefault\u00bb global_colors_info=\u00bb{}\u00bb][et_pb_column type=\u00bb4_4&#8243; _builder_version=\u00bb4.27.3&#8243; _module_preset=\u00bbdefault\u00bb global_colors_info=\u00bb{}\u00bb][et_pb_text _builder_version=\u00bb4.27.3&#8243; _module_preset=\u00bbdefault\u00bb header_text_color=\u00bb#666666&#8243; global_colors_info=\u00bb{}\u00bb]<\/p>\n<p>Queridos amigos de Wellnest,<\/p>\n<p>&nbsp;<\/p>\n<p>Mientras siguen produci\u00e9ndose disturbios en el centro de Los \u00c1ngeles y m\u00e1s all\u00e1 en respuesta a las pol\u00edticas de inmigraci\u00f3n y a las medidas coercitivas, hacemos una pausa para centrarnos en lo que m\u00e1s importa: tu bienestar emocional y el bienestar de los ni\u00f1os y las familias a las que cuidas.<\/p>\n<p>&nbsp;<\/p>\n<p>Momentos como \u00e9stos pueden ser abrumadores, provocar miedo, ansiedad e incertidumbre. Tanto si eres padre, cuidador, educador, l\u00edder comunitario o aliado, debes saber que no est\u00e1s solo. En Wellnest, estamos aqu\u00ed para ayudarte, guiarte y apoyarte.    <\/p>\n<p>&nbsp;<\/p>\n<p>Durante m\u00e1s de 100 a\u00f1os, Wellnest ha acompa\u00f1ado a nuestra comunidad en momentos dif\u00edciles y decisivos. Hemos sido una fuente constante de curaci\u00f3n para generaciones de angelinos, basada en la compasi\u00f3n, la excelencia cl\u00ednica y la comprensi\u00f3n cultural. Nuestro legado es dar la cara, especialmente cuando m\u00e1s importa.  <\/p>\n<p>&nbsp;<\/p>\n<p>En respuesta a los disturbios actuales, nuestro equipo profesional de expertos ha preparado una gu\u00eda para ayudar a los ni\u00f1os a afrontar las crisis, que ofrece herramientas pr\u00e1cticas y adecuadas al desarrollo para ayudar a los ni\u00f1os a sentirse seguros, escuchados y apoyados en momentos de incertidumbre. Te invitamos a revisar y compartir este recurso con cualquier persona de tu red que pueda beneficiarse: <a href=\"https:\/\/www.wellnestla.org\/wp-content\/uploads\/2025\/01\/Wellnest_Guide_to_Crisis_2025-2.pdf\"><strong><em>\u00abC\u00f3mo ayudar a los ni\u00f1os a superar las crisis\u00bb.<\/em><\/strong><\/a> <\/p>\n<p>&nbsp;<\/p>\n<p>Tambi\u00e9n te animamos a hacerlo:<\/p>\n<ul>\n<li>Cuida de tu propia salud emocional, para poder seguir cuidando de los dem\u00e1s.<\/li>\n<li>Crea espacios tranquilos y abiertos para que los ni\u00f1os hablen, hagan preguntas y procesen lo que sienten.<\/li>\n<li>Ponte en contacto con Wellnest si tu familia, escuela, organizaci\u00f3n o comunidad necesita recursos o apoyo en materia de salud mental, \u00a1estamos aqu\u00ed para ti!<\/li>\n<\/ul>\n<p>&nbsp;<\/p>\n<p>Como agencia informada sobre traumas, nuestro compromiso no es s\u00f3lo responder en momentos de crisis, sino proporcionar una atenci\u00f3n continua que eleve y capacite. Mantenemos una solidaridad inquebrantable con nuestra comunidad, especialmente con los ni\u00f1os y las familias que se enfrentan a temores y factores estresantes. <\/p>\n<p>&nbsp;<\/p>\n<p>Gracias por formar parte de nuestra extensa familia Wellnest. Tu colaboraci\u00f3n refuerza nuestro trabajo y tu compasi\u00f3n refuerza nuestra esperanza compartida. <\/p>\n<p>&nbsp;<\/p>\n<p>Con cari\u00f1o y solidaridad,<\/p>\n<p>[\/et_pb_text][et_pb_text _builder_version=\u00bb4.27.4&#8243; _module_preset=\u00bbdefault\u00bb text_line_height=\u00bb1em\u00bb custom_padding=\u00bb0px||||false|false\u00bb global_colors_info=\u00bb{}\u00bb]<\/p>\n<p dir=\"ltr\"><span><\/span><span><\/span><span style=\"color: #666666;\">Charlene Dimas-Peinado<\/span><\/p>\n<p dir=\"ltr\"><span style=\"color: #666666;\">Presidenta y Directora General<\/span><\/p>\n<p>[\/et_pb_text][et_pb_image src=\u00bbhttps:\/\/www.wellnestla.org\/wp-content\/uploads\/2025\/01\/Charlene-headshot-e1736529724105.png\u00bb title_text=\u00bbCharlene headshot\u00bb _builder_version=\u00bb4.27.3&#8243; _module_preset=\u00bbdefault\u00bb global_colors_info=\u00bb{}\u00bb][\/et_pb_image][\/et_pb_column][\/et_pb_row][\/et_pb_section]<\/p>\n","protected":false},"excerpt":{"rendered":"<p>En Wellnest, nos comprometemos a apoyar la salud mental y el bienestar de nuestra comunidad de Los \u00c1ngeles mediante eventos de bienestar continuos, talleres virtuales y programas de divulgaci\u00f3n. Ya sea conectando a las familias con los recursos, ofreciendo servicios m\u00f3viles para veteranos o proporcionando atenci\u00f3n informada sobre traumas, nos esforzamos por conocer a las personas all\u00ed donde est\u00e1n. Seguimos creando asociaciones s\u00f3lidas para garantizar servicios culturalmente sensibles y accesibles para todas las personas y familias. Gracias por unirte a nosotros en la creaci\u00f3n de una comunidad m\u00e1s sana y conectada todos los d\u00edas del a\u00f1o.   <\/p>\n","protected":false},"author":8,"featured_media":0,"parent":6331,"menu_order":0,"comment_status":"closed","ping_status":"closed","template":"","meta":{"_et_pb_use_builder":"on","_et_pb_old_content":"","_et_gb_content_width":"","inline_featured_image":false,"_monsterinsights_skip_tracking":false,"_monsterinsights_sitenote_active":false,"_monsterinsights_sitenote_note":"","_monsterinsights_sitenote_category":0,"footnotes":""},"class_list":["post-5870","page","type-page","status-publish","hentry"],"_links":{"self":[{"href":"https:\/\/www.wellnestla.org\/es\/wp-json\/wp\/v2\/pages\/5870","targetHints":{"allow":["GET"]}}],"collection":[{"href":"https:\/\/www.wellnestla.org\/es\/wp-json\/wp\/v2\/pages"}],"about":[{"href":"https:\/\/www.wellnestla.org\/es\/wp-json\/wp\/v2\/types\/page"}],"author":[{"embeddable":true,"href":"https:\/\/www.wellnestla.org\/es\/wp-json\/wp\/v2\/users\/8"}],"replies":[{"embeddable":true,"href":"https:\/\/www.wellnestla.org\/es\/wp-json\/wp\/v2\/comments?post=5870"}],"version-history":[{"count":5,"href":"https:\/\/www.wellnestla.org\/es\/wp-json\/wp\/v2\/pages\/5870\/revisions"}],"predecessor-version":[{"id":6453,"href":"https:\/\/www.wellnestla.org\/es\/wp-json\/wp\/v2\/pages\/5870\/revisions\/6453"}],"up":[{"embeddable":true,"href":"https:\/\/www.wellnestla.org\/es\/wp-json\/wp\/v2\/pages\/6331"}],"wp:attachment":[{"href":"https:\/\/www.wellnestla.org\/es\/wp-json\/wp\/v2\/media?parent=5870"}],"curies":[{"name":"wp","href":"https:\/\/api.w.org\/{rel}","templated":true}]}}