{"id":5949,"date":"2023-02-23T21:33:02","date_gmt":"2023-02-23T21:33:02","guid":{"rendered":"https:\/\/www.wellnestla.org\/liderazgo\/charlene-dimas-peinado\/"},"modified":"2025-08-11T18:43:27","modified_gmt":"2025-08-11T18:43:27","slug":"charlene-dimas-peinado","status":"publish","type":"page","link":"https:\/\/www.wellnestla.org\/es\/acerca-de\/liderazgo\/charlene-dimas-peinado\/","title":{"rendered":"Charlene Dimas-Peinado"},"content":{"rendered":"<p>[et_pb_section fb_built=\u00bb1&#8243; _builder_version=\u00bb4.20.0&#8243; _module_preset=\u00bbdefault\u00bb global_colors_info=\u00bb{}\u00bb][et_pb_row column_structure=\u00bb2_5,3_5&#8243; _builder_version=\u00bb4.20.0&#8243; _module_preset=\u00bbdefault\u00bb background_color=\u00bbgcid-423faae7-2e04-40b4-9bb5-e270c6360f99&#8243; custom_padding=\u00bb0px||0px||false|false\u00bb global_colors_info=\u00bb{%22gcid-423faae7-2e04-40b4-9bb5-e270c6360f99%22:%91%22background_color%22%93}\u00bb][et_pb_column type=\u00bb2_5&#8243; _builder_version=\u00bb4.20.0&#8243; _module_preset=\u00bbdefault\u00bb global_colors_info=\u00bb{}\u00bb][et_pb_image src=\u00bbhttps:\/\/www.wellnestla.org\/wp-content\/uploads\/2023\/02\/Charlene-Dimas-Peinado-Large-Headshot.jpg\u00bb alt=\u00bbCharlene Dimas-Peinado\u00bb title_text=\u00bbCharlene Dimas-Peinado\u00bb force_fullwidth=\u00bbon\u00bb _builder_version=\u00bb4.20.0&#8243; _module_preset=\u00bbdefault\u00bb global_colors_info=\u00bb{}\u00bb][\/et_pb_image][\/et_pb_column][et_pb_column type=\u00bb3_5&#8243; _builder_version=\u00bb4.20.0&#8243; _module_preset=\u00bbdefault\u00bb custom_padding=\u00bb60px||||false|false\u00bb custom_padding_tablet=\u00bb20px|20px|30px|20px|false|false\u00bb custom_padding_phone=\u00bb20px|20px|30px|20px|false|false\u00bb custom_padding_last_edited=\u00bbon|phone\u00bb global_colors_info=\u00bb{}\u00bb][dipl_breadcrumb breadcrumb_layout=\u00bblayout2&#8243; separator_type=\u00bbicon_separator\u00bb separator_icon=\u00bb&#xf0da;||fa||900&#8243; separator_size=\u00bb13px\u00bb separator_color=\u00bbgcid-5d685373-0ca0-404e-b8bf-74d115c5b5ad\u00bb separator_size_tablet=\u00bb13px\u00bb separator_size_phone=\u00bb8px\u00bb separator_size_last_edited=\u00bbon|phone\u00bb _builder_version=\u00bb4.20.0&#8243; _module_preset=\u00bbdefault\u00bb global_text_settings_font_size=\u00bb13px\u00bb text_font=\u00bb|700|||||||\u00bb global_text_settings_font_size_tablet=\u00bb13px\u00bb global_text_settings_font_size_phone=\u00bb8px\u00bb global_text_settings_font_size_last_edited=\u00bbon|phone\u00bb global_colors_info=\u00bb{%22gcid-5d685373-0ca0-404e-b8bf-74d115c5b5ad%22:%91%22separator_color%22,%22separator_color%22%93}\u00bb][\/dipl_breadcrumb][et_pb_text _builder_version=\u00bb4.20.0&#8243; _module_preset=\u00bbdefault\u00bb header_font=\u00bb|700|||||||\u00bb header_font_size=\u00bb53px\u00bb header_line_height=\u00bb58px\u00bb header_2_font_size=\u00bb33px\u00bb header_2_line_height=\u00bb2.5em\u00bb custom_margin=\u00bb||0.4em||false|false\u00bb global_colors_info=\u00bb{}\u00bb]<\/p>\n<h1>Charlene Dimas-Peinado, L.C.S.W., E.M.L.<\/h1>\n<p>[\/et_pb_text][et_pb_text _builder_version=\u00bb4.27.4&#8243; _module_preset=\u00bbdefault\u00bb header_font=\u00bb|700|||||||\u00bb header_font_size=\u00bb53px\u00bb header_line_height=\u00bb58px\u00bb header_2_font_size=\u00bb33px\u00bb header_2_line_height=\u00bb2.5em\u00bb header_3_font_size=\u00bb42px\u00bb header_3_line_height=\u00bb0.5em\u00bb hover_enabled=\u00bb0&#8243; global_colors_info=\u00bb{}\u00bb sticky_enabled=\u00bb0&#8243;]<\/p>\n<h2>Wellnest<\/h2>\n<h3>Presidenta y Directora Ejecutiva<\/h3>\n<p>[\/et_pb_text][\/et_pb_column][\/et_pb_row][et_pb_row _builder_version=\u00bb4.20.0&#8243; _module_preset=\u00bbdefault\u00bb global_colors_info=\u00bb{}\u00bb][et_pb_column type=\u00bb4_4&#8243; _builder_version=\u00bb4.20.0&#8243; _module_preset=\u00bbdefault\u00bb global_colors_info=\u00bb{}\u00bb][et_pb_text _builder_version=\u00bb4.27.4&#8243; _module_preset=\u00bbdefault\u00bb custom_padding=\u00bb|||0px|false|false\u00bb hover_enabled=\u00bb0&#8243; global_colors_info=\u00bb{}\u00bb sticky_enabled=\u00bb0&#8243;]<\/p>\n<p>Charlene Dimas-Peinado, Presidenta y Directora Ejecutiva de Wellnest, dirige una de las organizaciones de salud conductual y vivienda m\u00e1s antiguas del \u00e1rea metropolitana de Los \u00c1ngeles, reconocida a nivel nacional por su informaci\u00f3n sobre traumas. A lo largo de su carrera, Charlene se ha sentido inspirada por las comunidades y las personas a las que sirve. \u00abCada ni\u00f1o y cada familia tienen una historia y sus historias tienen significado y, como una onda de agua, afectan a nuestra comunidad\u00bb, ha dicho. \u00abNuestro objetivo es tener un impacto positivo en aquellos a quienes servimos: que mejore una vida, que mejore nuestra comunidad\u00bb.<\/p>\n<p>Charlene combina la perspectiva global de una ejecutiva visionaria y pr\u00e1ctica, y los conocimientos de una psicoterapeuta licenciada con experiencia, en su empe\u00f1o por ayudar a ni\u00f1os, j\u00f3venes y familias a llevar una vida emocionalmente sana. Cuenta con 30 a\u00f1os de experiencia en salud mental y organizaciones sin fines de lucro. Es la primera presidenta y consejera delegada latina de Wellnest desde su fundaci\u00f3n en 1924, y proporciona liderazgo general y direcci\u00f3n estrat\u00e9gica en la celebraci\u00f3n de sus cien a\u00f1os de servicio a la comunidad.<\/p>\n<p>Ha ampliado la salud financiera de la organizaci\u00f3n a 33 millones de d\u00f3lares de presupuesto operativo anual y 63 millones de d\u00f3lares en activos con su experiencia en contratos p\u00fablicos y privados para ampliar la mejor atenci\u00f3n de su clase, compasiva e informada sobre traumas. Bajo su liderazgo, la organizaci\u00f3n cre\u00f3 una nueva identidad de marca: <em>Wellnest Emotional Health &amp; Wellness<\/em>; obtuvo la acreditaci\u00f3n de la Comisi\u00f3n de Acreditaci\u00f3n de Instalaciones de Rehabilitaci\u00f3n (CARF) y la acreditaci\u00f3n de Healthy Families America (HFA); termin\u00f3 la construcci\u00f3n del Centro de Aprendizaje de la Vida, 2019; ampli\u00f3 los servicios b\u00e1sicos para incluir viviendas de apoyo transitorias y permanentes; termin\u00f3 el primer proyecto de Desarrollo de Viviendas de Apoyo Permanente de Wellnest: The Nest on Florence, 2022; y actualmente est\u00e1 avanzando en dos nuevos proyectos de construcci\u00f3n: Viviendas provisionales &#8211; El Nido en Exposition, 2025; y, Centro Comunitario Wellnest de \u00faltima generaci\u00f3n, 2026.<\/p>\n<p>Como l\u00edder fiduciaria de Wellnest y traductora de su misi\u00f3n y visi\u00f3n, garantiza la solidez financiera, pol\u00edtica y operativa de la organizaci\u00f3n, que proporciona los mejores servicios de salud conductual y vivienda, al tiempo que aborda las necesidades cambiantes de sus comunidades. Tiene experiencia en la obtenci\u00f3n y supervisi\u00f3n directa de contratos multimillonarios (del condado, estatales y federales), con experiencia en gobernanza sin \u00e1nimo de lucro, auditor\u00eda y cumplimiento, y asuntos normativos. Adem\u00e1s, ha encabezado m\u00faltiples campa\u00f1as de recaudaci\u00f3n de fondos y de capital, que han permitido recaudar millones de d\u00f3lares, forjar nuevas asociaciones y potenciar el impacto de los donativos de los donantes para prestar servicios muy necesarios en comunidades desatendidas.<\/p>\n<p>Charlene tiene un M\u00e1ster en Liderazgo por la Universidad del Sur de California, y un M\u00e1ster en Trabajo Social por la Universidad Estatal de California, Long Beach. En 2023 y 2024, fue seleccionada por <strong>Mujeres que Admiramos, <\/strong>dentro de\u00a0Las 50 Mujeres L\u00edderes m\u00e1s importantes de Los \u00c1ngeles; y, por el Los Angeles Business Journal como <strong>L\u00edder de Influencia: Sin \u00e1nimo de lucro y Filantrop\u00eda<\/strong>. En 2024, fue homenajeada por la Supervisora Hilda L. Sol\u00eds (1<sup>er<\/sup> Distrito Supervisorial) en el <strong>D\u00eda Internacional de la Mujer<\/strong>. En 2015, recibi\u00f3 <strong>el Premio a la Defensora de la Comunidad<\/strong> de la Asociaci\u00f3n Nacional de Mujeres Empresarias Latinas (NLBWA-LA). En 2022, fue nombrada miembro del Comit\u00e9 Asesor del Consejo Interinstitucional de California sobre Personas sin Hogar por el Secretario de la Agencia de Empresas, Servicios al Consumidor y Vivienda y el Secretario de la Agencia de Salud y Servicios Humanos de California. En 2015, fue nombrada miembro de la Junta de Gobernadores del Museo de Historia Natural por la supervisora del condado de Los \u00c1ngeles, Hilda L. Sol\u00eds, y en 2017 fue elegida vicepresidenta de la Junta de Gobernadores, adem\u00e1s de presidir el Comit\u00e9 Ad Hoc de Inclusi\u00f3n, Diversidad, Equidad y Acceso (IDEA) y ser miembro del Comit\u00e9 Ejecutivo. En 2022, fue nombrada miembro del Comit\u00e9 Asesor del Consejo Interinstitucional de California sobre Personas sin Hogar por el Secretario de la Agencia de Empresas, Servicios al Consumidor y Vivienda y el Secretario de la Agencia de Salud y Servicios Humanos de California. Adem\u00e1s, forma parte del Consejo de Administraci\u00f3n de la C\u00e1mara de Comercio de Los \u00c1ngeles, donde es Presidenta del Consejo de Pol\u00edtica de la Mujer; y del City Club Los \u00c1ngeles, donde es Presidenta del Consejo de Administraci\u00f3n. Anteriormente form\u00f3 parte de la Comisi\u00f3n del Condado de Los \u00c1ngeles para el Departamento de Servicios Sociales P\u00fablicos en representaci\u00f3n del Primer Distrito de Supervisi\u00f3n, del Consejo de Administraci\u00f3n de BizFed y del Rotary LA5.<\/p>\n<p>[\/et_pb_text][et_pb_text _builder_version=\u00bb4.20.0&#8243; _module_preset=\u00bbdefault\u00bb link_font=\u00bb|700|on||||||\u00bb global_colors_info=\u00bb{}\u00bb]<\/p>\n<p>\u2190 <a href=\"https:\/\/www.wellnestla.org\/es\/?page_id=5938\">Volver a Liderazgo<\/a><\/p>\n<p>[\/et_pb_text][\/et_pb_column][\/et_pb_row][\/et_pb_section]<\/p>\n","protected":false},"excerpt":{"rendered":"<p>Charlene Dimas-Peinado se incorpor\u00f3 a Wellnest en 2016 como su nueva Presidenta y Directora General, para dirigir la organizaci\u00f3n de salud conductual informada sobre traumas de Los \u00c1ngeles, reconocida a nivel nacional, hacia su siguiente fase.  <\/p>\n","protected":false},"author":2,"featured_media":0,"parent":5938,"menu_order":0,"comment_status":"closed","ping_status":"closed","template":"","meta":{"_et_pb_use_builder":"on","_et_pb_old_content":"","_et_gb_content_width":"","inline_featured_image":false,"_monsterinsights_skip_tracking":false,"_monsterinsights_sitenote_active":false,"_monsterinsights_sitenote_note":"","_monsterinsights_sitenote_category":0,"footnotes":""},"class_list":["post-5949","page","type-page","status-publish","hentry"],"_links":{"self":[{"href":"https:\/\/www.wellnestla.org\/es\/wp-json\/wp\/v2\/pages\/5949","targetHints":{"allow":["GET"]}}],"collection":[{"href":"https:\/\/www.wellnestla.org\/es\/wp-json\/wp\/v2\/pages"}],"about":[{"href":"https:\/\/www.wellnestla.org\/es\/wp-json\/wp\/v2\/types\/page"}],"author":[{"embeddable":true,"href":"https:\/\/www.wellnestla.org\/es\/wp-json\/wp\/v2\/users\/2"}],"replies":[{"embeddable":true,"href":"https:\/\/www.wellnestla.org\/es\/wp-json\/wp\/v2\/comments?post=5949"}],"version-history":[{"count":5,"href":"https:\/\/www.wellnestla.org\/es\/wp-json\/wp\/v2\/pages\/5949\/revisions"}],"predecessor-version":[{"id":6423,"href":"https:\/\/www.wellnestla.org\/es\/wp-json\/wp\/v2\/pages\/5949\/revisions\/6423"}],"up":[{"embeddable":true,"href":"https:\/\/www.wellnestla.org\/es\/wp-json\/wp\/v2\/pages\/5938"}],"wp:attachment":[{"href":"https:\/\/www.wellnestla.org\/es\/wp-json\/wp\/v2\/media?parent=5949"}],"curies":[{"name":"wp","href":"https:\/\/api.w.org\/{rel}","templated":true}]}}