{"id":5967,"date":"2023-02-24T20:40:26","date_gmt":"2023-02-24T20:40:26","guid":{"rendered":"https:\/\/www.wellnestla.org\/liderazgo\/paco-retana\/"},"modified":"2025-08-11T19:06:26","modified_gmt":"2025-08-11T19:06:26","slug":"paco-retana","status":"publish","type":"page","link":"https:\/\/www.wellnestla.org\/es\/acerca-de\/liderazgo\/paco-retana\/","title":{"rendered":"Paco Retana"},"content":{"rendered":"<p>[et_pb_section fb_built=\u00bb1&#8243; _builder_version=\u00bb4.20.0&#8243; _module_preset=\u00bbdefault\u00bb global_colors_info=\u00bb{}\u00bb][et_pb_row column_structure=\u00bb2_5,3_5&#8243; _builder_version=\u00bb4.20.0&#8243; _module_preset=\u00bbdefault\u00bb background_color=\u00bbgcid-423faae7-2e04-40b4-9bb5-e270c6360f99&#8243; custom_padding=\u00bb0px||0px||false|false\u00bb global_colors_info=\u00bb{%22gcid-423faae7-2e04-40b4-9bb5-e270c6360f99%22:%91%22background_color%22%93}\u00bb][et_pb_column type=\u00bb2_5&#8243; _builder_version=\u00bb4.20.0&#8243; _module_preset=\u00bbdefault\u00bb global_colors_info=\u00bb{}\u00bb][et_pb_image src=\u00bbhttps:\/\/www.wellnestla.org\/wp-content\/uploads\/2023\/02\/Paco-Retana-Large-Headshot.jpg\u00bb alt=\u00bbPaco Retana\u00bb title_text=\u00bbPaco Retana\u00bb force_fullwidth=\u00bbon\u00bb _builder_version=\u00bb4.20.0&#8243; _module_preset=\u00bbdefault\u00bb global_colors_info=\u00bb{}\u00bb][\/et_pb_image][\/et_pb_column][et_pb_column type=\u00bb3_5&#8243; _builder_version=\u00bb4.20.0&#8243; _module_preset=\u00bbdefault\u00bb custom_padding=\u00bb60px||||false|false\u00bb custom_padding_tablet=\u00bb20px|20px|30px|20px|false|false\u00bb custom_padding_phone=\u00bb20px|20px|30px|20px|false|false\u00bb custom_padding_last_edited=\u00bbon|phone\u00bb global_colors_info=\u00bb{}\u00bb][dipl_breadcrumb breadcrumb_layout=\u00bblayout2&#8243; separator_type=\u00bbicon_separator\u00bb separator_icon=\u00bb&#xf0da;||fa||900&#8243; separator_size=\u00bb13px\u00bb separator_color=\u00bbgcid-5d685373-0ca0-404e-b8bf-74d115c5b5ad\u00bb separator_size_tablet=\u00bb13px\u00bb separator_size_phone=\u00bb8px\u00bb separator_size_last_edited=\u00bbon|phone\u00bb _builder_version=\u00bb4.20.0&#8243; _module_preset=\u00bbdefault\u00bb global_text_settings_font_size=\u00bb13px\u00bb text_font=\u00bb|700|||||||\u00bb global_text_settings_font_size_tablet=\u00bb13px\u00bb global_text_settings_font_size_phone=\u00bb8px\u00bb global_text_settings_font_size_last_edited=\u00bbon|phone\u00bb global_colors_info=\u00bb{%22gcid-5d685373-0ca0-404e-b8bf-74d115c5b5ad%22:%91%22separator_color%22%93}\u00bb][\/dipl_breadcrumb][et_pb_text _builder_version=\u00bb4.20.0&#8243; _module_preset=\u00bbdefault\u00bb header_font=\u00bb|700|||||||\u00bb header_font_size=\u00bb53px\u00bb header_line_height=\u00bb58px\u00bb header_2_font_size=\u00bb33px\u00bb header_2_line_height=\u00bb2.5em\u00bb custom_margin=\u00bb||0.4em||false|false\u00bb global_colors_info=\u00bb{}\u00bb]<\/p>\n<h1>Paco Retana, MSW, LCSW<\/h1>\n<p>[\/et_pb_text][et_pb_text _builder_version=\u00bb4.20.0&#8243; _module_preset=\u00bbdefault\u00bb header_font=\u00bb|700|||||||\u00bb header_font_size=\u00bb53px\u00bb header_line_height=\u00bb58px\u00bb header_2_font_size=\u00bb33px\u00bb header_2_line_height=\u00bb2.5em\u00bb header_3_font_size=\u00bb42px\u00bb global_colors_info=\u00bb{}\u00bb]<\/p>\n<h2>Wellnest<\/h2>\n<h3>Director de Programas<\/h3>\n<p>[\/et_pb_text][\/et_pb_column][\/et_pb_row][et_pb_row _builder_version=\u00bb4.20.0&#8243; _module_preset=\u00bbdefault\u00bb global_colors_info=\u00bb{}\u00bb][et_pb_column type=\u00bb4_4&#8243; _builder_version=\u00bb4.20.0&#8243; _module_preset=\u00bbdefault\u00bb global_colors_info=\u00bb{}\u00bb][et_pb_text _builder_version=\u00bb4.20.0&#8243; _module_preset=\u00bbdefault\u00bb global_colors_info=\u00bb{}\u00bb]<\/p>\n<p>La pasi\u00f3n de Paco Retana es servir a las comunidades marginadas y desatendidas. Como Vicepresidente de Programas de Wellnest, es responsable de todos los servicios cl\u00ednicos, incluida la evaluaci\u00f3n y formaci\u00f3n de programas. Tambi\u00e9n supervisa a los Directores de Divisi\u00f3n de Wellnest en las \u00e1reas de atenci\u00f3n ambulatoria, intervenci\u00f3n temprana, servicios intensivos y servicios para j\u00f3venes en edad de transici\u00f3n\/aprendizaje para la vida. Entre las funciones anteriores que ha desempe\u00f1ado Paco se incluyen: Supervisor Cl\u00ednico en los Colegios P\u00fablicos de Green Dot, Director Regional de Servicios Comunitarios de Salud Mental en Children&#8217;s Institute, Inc., Director de Servicios Ambulatorios en Wellnest, Cofundador del Proyecto de Desarrollo Juvenil del Centro de Salud St. John, y Coordinador Cl\u00ednico del Centro de Desarrollo Infantil y Familiar del Centro Comunitario de Salud Mental DiDi Hirsch.   <\/p>\n<p>Paco es copresidente de las Comunidades Culturales Latinas Desatendidas del Departamento de Salud Mental del Condado de Los \u00c1ngeles (DMH) y fue miembro con derecho a voto del Equipo de Liderazgo del Sistema y ex copresidente del Comit\u00e9 Asesor del \u00c1rea de Servicio del Sur de Los \u00c1ngeles. Paco forma parte de la Junta Directiva de la Asociaci\u00f3n de Antiguos Alumnos de la UCLA y es copresidente de su Comit\u00e9 Asesor sobre Diversidad. Como experto en el trabajo con Chicos y Hombres de Color, es invitado a conferencias y foros como panelista, ponente y experto en salud mental.  <\/p>\n<p>Paco ha recibido el Premio Humanitario de la Conferencia Nacional para la Comunidad y la Justicia, y es miembro de honor de NAMI Urban Los Angeles. Es Trabajador Social Cl\u00ednico Licenciado y obtuvo su Licenciatura en Psicolog\u00eda y su M\u00e1ster en Asistencia Social en la Universidad de California, Los \u00c1ngeles. <\/p>\n<p>[\/et_pb_text][et_pb_text _builder_version=\u00bb4.20.0&#8243; _module_preset=\u00bbdefault\u00bb link_font=\u00bb|700|on||||||\u00bb global_colors_info=\u00bb{}\u00bb]<\/p>\n<p>\u2190 <a href=\"https:\/\/www.wellnestla.org\/es\/?page_id=5938\">Volver a Liderazgo<\/a><\/p>\n<p>[\/et_pb_text][\/et_pb_column][\/et_pb_row][\/et_pb_section]<\/p>\n","protected":false},"excerpt":{"rendered":"<p>La pasi\u00f3n de Paco Retana es servir a las comunidades marginadas y desatendidas. Como Director de Programas, es responsable de todos los servicios cl\u00ednicos, incluida la evaluaci\u00f3n de programas y la formaci\u00f3n.   <\/p>\n","protected":false},"author":2,"featured_media":0,"parent":5938,"menu_order":0,"comment_status":"closed","ping_status":"closed","template":"","meta":{"_et_pb_use_builder":"on","_et_pb_old_content":"","_et_gb_content_width":"","inline_featured_image":false,"_monsterinsights_skip_tracking":false,"_monsterinsights_sitenote_active":false,"_monsterinsights_sitenote_note":"","_monsterinsights_sitenote_category":0,"footnotes":""},"class_list":["post-5967","page","type-page","status-publish","hentry"],"_links":{"self":[{"href":"https:\/\/www.wellnestla.org\/es\/wp-json\/wp\/v2\/pages\/5967","targetHints":{"allow":["GET"]}}],"collection":[{"href":"https:\/\/www.wellnestla.org\/es\/wp-json\/wp\/v2\/pages"}],"about":[{"href":"https:\/\/www.wellnestla.org\/es\/wp-json\/wp\/v2\/types\/page"}],"author":[{"embeddable":true,"href":"https:\/\/www.wellnestla.org\/es\/wp-json\/wp\/v2\/users\/2"}],"replies":[{"embeddable":true,"href":"https:\/\/www.wellnestla.org\/es\/wp-json\/wp\/v2\/comments?post=5967"}],"version-history":[{"count":3,"href":"https:\/\/www.wellnestla.org\/es\/wp-json\/wp\/v2\/pages\/5967\/revisions"}],"predecessor-version":[{"id":6426,"href":"https:\/\/www.wellnestla.org\/es\/wp-json\/wp\/v2\/pages\/5967\/revisions\/6426"}],"up":[{"embeddable":true,"href":"https:\/\/www.wellnestla.org\/es\/wp-json\/wp\/v2\/pages\/5938"}],"wp:attachment":[{"href":"https:\/\/www.wellnestla.org\/es\/wp-json\/wp\/v2\/media?parent=5967"}],"curies":[{"name":"wp","href":"https:\/\/api.w.org\/{rel}","templated":true}]}}