{"id":5977,"date":"2023-03-17T22:16:42","date_gmt":"2023-03-17T22:16:42","guid":{"rendered":"https:\/\/www.wellnestla.org\/liderazgo\/tanya-ramos\/"},"modified":"2025-08-11T19:43:06","modified_gmt":"2025-08-11T19:43:06","slug":"tanya-ramos","status":"publish","type":"page","link":"https:\/\/www.wellnestla.org\/es\/acerca-de\/liderazgo\/tanya-ramos\/","title":{"rendered":"Tanya Ramos"},"content":{"rendered":"<p>[et_pb_section fb_built=\u00bb1&#8243; _builder_version=\u00bb4.20.0&#8243; _module_preset=\u00bbdefault\u00bb global_colors_info=\u00bb{}\u00bb][et_pb_row column_structure=\u00bb2_5,3_5&#8243; _builder_version=\u00bb4.20.0&#8243; _module_preset=\u00bbdefault\u00bb background_color=\u00bbgcid-423faae7-2e04-40b4-9bb5-e270c6360f99&#8243; custom_padding=\u00bb0px||0px||false|false\u00bb global_colors_info=\u00bb{%22gcid-423faae7-2e04-40b4-9bb5-e270c6360f99%22:%91%22background_color%22%93}\u00bb][et_pb_column type=\u00bb2_5&#8243; _builder_version=\u00bb4.20.0&#8243; _module_preset=\u00bbdefault\u00bb global_colors_info=\u00bb{}\u00bb][et_pb_image src=\u00bbhttps:\/\/www.wellnestla.org\/wp-content\/uploads\/2023\/02\/Executive-Headshot-Large.jpg\u00bb alt=\u00bbReportaje ejecutivo\u00bb title_text=\u00bbReportaje ejecutivo\u00bb force_fullwidth=\u00bbon\u00bb _builder_version=\u00bb4.20.0&#8243; _module_preset=\u00bbdefault\u00bb global_colors_info=\u00bb{}\u00bb][\/et_pb_image][\/et_pb_column][et_pb_column type=\u00bb3_5&#8243; _builder_version=\u00bb4.20.0&#8243; _module_preset=\u00bbdefault\u00bb custom_padding=\u00bb60px||||false|false\u00bb custom_padding_tablet=\u00bb20px|20px|30px|20px|false|false\u00bb custom_padding_phone=\u00bb20px|20px|30px|20px|false|false\u00bb custom_padding_last_edited=\u00bbon|phone\u00bb global_colors_info=\u00bb{}\u00bb][dipl_breadcrumb breadcrumb_layout=\u00bblayout2&#8243; separator_type=\u00bbicon_separator\u00bb separator_icon=\u00bb&#xf0da;||fa||900&#8243; separator_size=\u00bb13px\u00bb separator_color=\u00bbgcid-5d685373-0ca0-404e-b8bf-74d115c5b5ad\u00bb separator_size_tablet=\u00bb13px\u00bb separator_size_phone=\u00bb8px\u00bb separator_size_last_edited=\u00bbon|phone\u00bb _builder_version=\u00bb4.20.0&#8243; _module_preset=\u00bbdefault\u00bb global_text_settings_font_size=\u00bb13px\u00bb text_font=\u00bb|700|||||||\u00bb global_text_settings_font_size_tablet=\u00bb13px\u00bb global_text_settings_font_size_phone=\u00bb8px\u00bb global_text_settings_font_size_last_edited=\u00bbon|phone\u00bb global_colors_info=\u00bb{%22gcid-5d685373-0ca0-404e-b8bf-74d115c5b5ad%22:%91%22separator_color%22,%22separator_color%22%93}\u00bb][\/dipl_breadcrumb][et_pb_text _builder_version=\u00bb4.20.0&#8243; _module_preset=\u00bbdefault\u00bb header_font=\u00bb|700|||||||\u00bb header_font_size=\u00bb53px\u00bb header_line_height=\u00bb58px\u00bb header_2_font_size=\u00bb33px\u00bb header_2_line_height=\u00bb2.5em\u00bb custom_margin=\u00bb||0.4em||false|false\u00bb global_colors_info=\u00bb{}\u00bb]<\/p>\n<h1>Tanya Ramos<\/h1>\n<p>[\/et_pb_text][et_pb_text _builder_version=\u00bb4.27.3&#8243; _module_preset=\u00bbdefault\u00bb header_font=\u00bb|700|||||||\u00bb header_font_size=\u00bb53px\u00bb header_line_height=\u00bb58px\u00bb header_2_font_size=\u00bb33px\u00bb header_2_line_height=\u00bb2.5em\u00bb header_3_font_size=\u00bb42px\u00bb hover_enabled=\u00bb0&#8243; global_colors_info=\u00bb{}\u00bb sticky_enabled=\u00bb0&#8243;]<\/p>\n<h2>Wellnest<\/h2>\n<h3>Jefa de Gabinete<\/h3>\n<p>[\/et_pb_text][\/et_pb_column][\/et_pb_row][et_pb_row _builder_version=\u00bb4.20.0&#8243; _module_preset=\u00bbdefault\u00bb global_colors_info=\u00bb{}\u00bb][et_pb_column type=\u00bb4_4&#8243; _builder_version=\u00bb4.20.0&#8243; _module_preset=\u00bbdefault\u00bb global_colors_info=\u00bb{}\u00bb][et_pb_text _builder_version=\u00bb4.27.3&#8243; _module_preset=\u00bbdefault\u00bb hover_enabled=\u00bb0&#8243; global_colors_info=\u00bb{}\u00bb sticky_enabled=\u00bb0&#8243;]<\/p>\n<p>Como Jefa de Gabinete, Tanya Ramos es responsable de las operaciones cotidianas de la oficina Administrativa Ejecutiva, y sirve de enlace entre la Presidenta y Directora Ejecutiva y la Junta Directiva. Es una profesional meticulosa y orientada a las tareas, Tanya cuenta con m\u00e1s de una d\u00e9cada de experiencia prestando apoyo de nivel complejo en entornos de alta presi\u00f3n y facilitando todos los aspectos de la gesti\u00f3n de operaciones y proyectos, la planificaci\u00f3n de eventos, la realizaci\u00f3n de investigaciones, el an\u00e1lisis de datos y la ejecuci\u00f3n de documentos e informes polifac\u00e9ticos. Antes de incorporarse a Wellnest en 2015, Tanya ocup\u00f3 puestos de pasante en bufetes de abogados, en la Fiscal\u00eda del Distrito y en oficinas de Asistencia Jur\u00eddica en Los \u00c1ngeles y Chicago, donde prest\u00f3 asistencia en casos de inmigraci\u00f3n y penales. Tanya tambi\u00e9n fue ayudante en el Congreso, donde abog\u00f3 en nombre de los electores ante diversas agencias federales. Como inmigrante de primera generaci\u00f3n, Tanya se siente impulsada por su experiencia personal y profesional a utilizar sus conocimientos y habilidades para defender y servir siempre a su comunidad.    <\/p>\n<p>Tanya es licenciada en Sociolog\u00eda por la Universidad Loyola Marymount, donde fue admitida como miembro vitalicio de Alpha Kappa Delta, la Sociedad Internacional de Honor de Sociolog\u00eda. Tanya tambi\u00e9n es Doctora en Derecho por la Facultad de Derecho de la Universidad Loyola de Chicago. <\/p>\n<p>[\/et_pb_text][et_pb_text _builder_version=\u00bb4.20.0&#8243; _module_preset=\u00bbdefault\u00bb link_font=\u00bb|700|on||||||\u00bb global_colors_info=\u00bb{}\u00bb]<\/p>\n<p>\u2190 <a href=\"https:\/\/www.wellnestla.org\/es\/acerca-de\/liderazgo\/\">Volver a Liderazgo<\/a><\/p>\n<p>[\/et_pb_text][\/et_pb_column][\/et_pb_row][\/et_pb_section]<\/p>\n","protected":false},"excerpt":{"rendered":"<p>Como Jefa de Gabinete, Tanya Ramos es responsable de las operaciones diarias de la oficina Administrativa Ejecutiva, y sirve de enlace entre la Presidenta y Directora Ejecutiva y la Junta Directiva. <\/p>\n","protected":false},"author":2,"featured_media":0,"parent":5938,"menu_order":0,"comment_status":"closed","ping_status":"closed","template":"","meta":{"_et_pb_use_builder":"on","_et_pb_old_content":"","_et_gb_content_width":"","inline_featured_image":false,"_monsterinsights_skip_tracking":false,"_monsterinsights_sitenote_active":false,"_monsterinsights_sitenote_note":"","_monsterinsights_sitenote_category":0,"footnotes":""},"class_list":["post-5977","page","type-page","status-publish","hentry"],"_links":{"self":[{"href":"https:\/\/www.wellnestla.org\/es\/wp-json\/wp\/v2\/pages\/5977","targetHints":{"allow":["GET"]}}],"collection":[{"href":"https:\/\/www.wellnestla.org\/es\/wp-json\/wp\/v2\/pages"}],"about":[{"href":"https:\/\/www.wellnestla.org\/es\/wp-json\/wp\/v2\/types\/page"}],"author":[{"embeddable":true,"href":"https:\/\/www.wellnestla.org\/es\/wp-json\/wp\/v2\/users\/2"}],"replies":[{"embeddable":true,"href":"https:\/\/www.wellnestla.org\/es\/wp-json\/wp\/v2\/comments?post=5977"}],"version-history":[{"count":5,"href":"https:\/\/www.wellnestla.org\/es\/wp-json\/wp\/v2\/pages\/5977\/revisions"}],"predecessor-version":[{"id":6446,"href":"https:\/\/www.wellnestla.org\/es\/wp-json\/wp\/v2\/pages\/5977\/revisions\/6446"}],"up":[{"embeddable":true,"href":"https:\/\/www.wellnestla.org\/es\/wp-json\/wp\/v2\/pages\/5938"}],"wp:attachment":[{"href":"https:\/\/www.wellnestla.org\/es\/wp-json\/wp\/v2\/media?parent=5977"}],"curies":[{"name":"wp","href":"https:\/\/api.w.org\/{rel}","templated":true}]}}