{"id":5986,"date":"2023-04-10T15:50:19","date_gmt":"2023-04-10T15:50:19","guid":{"rendered":"https:\/\/www.wellnestla.org\/liderazgo\/james-balla\/"},"modified":"2025-08-11T18:56:25","modified_gmt":"2025-08-11T18:56:25","slug":"james-balla","status":"publish","type":"page","link":"https:\/\/www.wellnestla.org\/es\/acerca-de\/liderazgo\/james-balla\/","title":{"rendered":"James Balla"},"content":{"rendered":"<p>[et_pb_section fb_built=\u00bb1&#8243; _builder_version=\u00bb4.20.0&#8243; _module_preset=\u00bbdefault\u00bb global_colors_info=\u00bb{}\u00bb][et_pb_row column_structure=\u00bb2_5,3_5&#8243; _builder_version=\u00bb4.20.0&#8243; _module_preset=\u00bbdefault\u00bb background_color=\u00bbgcid-423faae7-2e04-40b4-9bb5-e270c6360f99&#8243; custom_padding=\u00bb0px||0px||false|false\u00bb global_colors_info=\u00bb{%22gcid-423faae7-2e04-40b4-9bb5-e270c6360f99%22:%91%22background_color%22%93}\u00bb][et_pb_column type=\u00bb2_5&#8243; _builder_version=\u00bb4.20.0&#8243; _module_preset=\u00bbdefault\u00bb global_colors_info=\u00bb{}\u00bb][et_pb_image src=\u00bbhttps:\/\/www.wellnestla.org\/wp-content\/uploads\/2024\/04\/Jim-Balla-2023-1-scaled-e1713389716946.jpg\u00bb alt=\u00bbJames Balla\u00bb title_text=\u00bbJim Balla, 2023&#8243; force_fullwidth=\u00bbon\u00bb _builder_version=\u00bb4.24.0&#8243; _module_preset=\u00bbdefault\u00bb global_colors_info=\u00bb{}\u00bb][\/et_pb_image][\/et_pb_column][et_pb_column type=\u00bb3_5&#8243; _builder_version=\u00bb4.20.0&#8243; _module_preset=\u00bbdefault\u00bb custom_padding=\u00bb60px|40px|||false|false\u00bb custom_padding_tablet=\u00bb20px|20px|30px|20px|false|false\u00bb custom_padding_phone=\u00bb20px|20px|30px|20px|false|false\u00bb custom_padding_last_edited=\u00bbon|desktop\u00bb global_colors_info=\u00bb{}\u00bb][dipl_breadcrumb breadcrumb_layout=\u00bblayout2&#8243; separator_type=\u00bbicon_separator\u00bb separator_icon=\u00bb&#xf0da;||fa||900&#8243; separator_size=\u00bb13px\u00bb separator_color=\u00bbgcid-5d685373-0ca0-404e-b8bf-74d115c5b5ad\u00bb separator_size_tablet=\u00bb13px\u00bb separator_size_phone=\u00bb8px\u00bb separator_size_last_edited=\u00bbon|phone\u00bb _builder_version=\u00bb4.20.0&#8243; _module_preset=\u00bbdefault\u00bb global_text_settings_font_size=\u00bb13px\u00bb text_font=\u00bb|700|||||||\u00bb global_text_settings_font_size_tablet=\u00bb13px\u00bb global_text_settings_font_size_phone=\u00bb8px\u00bb global_text_settings_font_size_last_edited=\u00bbon|phone\u00bb global_colors_info=\u00bb{%22gcid-5d685373-0ca0-404e-b8bf-74d115c5b5ad%22:%91%22separator_color%22,%22separator_color%22%93}\u00bb][\/dipl_breadcrumb][et_pb_text _builder_version=\u00bb4.20.0&#8243; _module_preset=\u00bbdefault\u00bb header_font=\u00bb|700|||||||\u00bb header_font_size=\u00bb53px\u00bb header_line_height=\u00bb58px\u00bb header_2_font_size=\u00bb33px\u00bb header_2_line_height=\u00bb2.5em\u00bb custom_margin=\u00bb||0.4em||false|false\u00bb global_colors_info=\u00bb{}\u00bb]<\/p>\n<h1>James \u00abJim\u00bb J. Balla, MBA<\/h1>\n<p>[\/et_pb_text][et_pb_text _builder_version=\u00bb4.27.4&#8243; _module_preset=\u00bbdefault\u00bb header_font=\u00bb|700|||||||\u00bb header_font_size=\u00bb53px\u00bb header_line_height=\u00bb58px\u00bb header_2_font_size=\u00bb33px\u00bb header_2_line_height=\u00bb2.5em\u00bb header_3_font_size=\u00bb42px\u00bb header_3_line_height=\u00bb50px\u00bb hover_enabled=\u00bb0&#8243; global_colors_info=\u00bb{}\u00bb sticky_enabled=\u00bb0&#8243;]<\/p>\n<h2>Wellnest<\/h2>\n<h3>Jefe de Administraci\u00f3n y de Negocios<\/h3>\n<p>[\/et_pb_text][\/et_pb_column][\/et_pb_row][et_pb_row _builder_version=\u00bb4.20.0&#8243; _module_preset=\u00bbdefault\u00bb global_colors_info=\u00bb{}\u00bb][et_pb_column type=\u00bb4_4&#8243; _builder_version=\u00bb4.20.0&#8243; _module_preset=\u00bbdefault\u00bb global_colors_info=\u00bb{}\u00bb][et_pb_text _builder_version=\u00bb4.27.4&#8243; _module_preset=\u00bbdefault\u00bb hover_enabled=\u00bb0&#8243; global_colors_info=\u00bb{}\u00bb sticky_enabled=\u00bb0&#8243;]<\/p>\n<p>Jim Balla, Jefe de Administraci\u00f3n y de Negocios, aporta al equipo ejecutivo de Wellnest m\u00e1s de 35 a\u00f1os de experiencia combinada en gesti\u00f3n y liderazgo en entornos empresariales de escala m\u00faltiple, con \u00e9nfasis en industrias de servicios, incluidas organizaciones de salud mental y atenci\u00f3n sanitaria conductual, agencias de servicios humanos y grupos m\u00e9dicos especializados. Antes de unirse a Wellnest, el Sr. Balla pas\u00f3 m\u00e1s de quince a\u00f1os en el equipo directivo de Pacific Clinics, asumiendo el cargo de Presidente y Consejero Delegado en 2015, cargo que ocup\u00f3 hasta la reciente fusi\u00f3n de Pacific Clinics con Uplift Family Services en marzo de 2022.<\/p>\n<p>La diversa experiencia del Sr. Balla incluye funciones clave de liderazgo en desarrollo organizativo, operaciones, finanzas, planificaci\u00f3n estrat\u00e9gica, desarrollo empresarial, gesti\u00f3n del talento, filantrop\u00eda, marketing y comunicaciones. Reconocido por lograr un crecimiento organizativo, transformacional y reconocido en el sector mediante el desarrollo de nuevos negocios, fusiones y adquisiciones estrat\u00e9gicas, premios p\u00fablicos y privados, y la expansi\u00f3n geogr\u00e1fica de los servicios, se le busca f\u00e1cilmente por sus conocimientos adquiridos.<\/p>\n<p>En la actualidad, el Sr. Balla forma parte del Consejo de Administraci\u00f3n de Quality Comp (Grupo Autoasegurado de Indemnizaci\u00f3n por Accidentes de Trabajo) y es antiguo administrador del Fondo de Servicios de Desempleo (UST), antiguo miembro del consejo de la Asociaci\u00f3n de Agencias Comunitarias de Servicios Humanos y antiguo miembro del Consejo de Agencias Comunitarias de Salud Mental de California. Jim ha sido ponente en m\u00faltiples conferencias del sector y ha prestado testimonio sobre la importancia de la tecnolog\u00eda de la informaci\u00f3n sanitaria ante el Grupo de Salud Mental de la C\u00e1mara de Representantes de Estados Unidos.<\/p>\n<p>Jim se licenci\u00f3 en Gesti\u00f3n y obtuvo un MBA en la Universidad Pepperdine, y se enorgullece de haber recibido los premios Pepperdine Alumni Executive Awards (Waves of Service y 40 over 40). Jim sirvi\u00f3 honorablemente en el Cuerpo de Marines de EE.UU. bajo la Divisi\u00f3n del Abogado General, donde recibi\u00f3 una menci\u00f3n especial por servicios meritorios del Secretario de la Marina.<\/p>\n<p>[\/et_pb_text][et_pb_text _builder_version=\u00bb4.20.0&#8243; _module_preset=\u00bbdefault\u00bb link_font=\u00bb|700|on||||||\u00bb global_colors_info=\u00bb{}\u00bb]<\/p>\n<p>\u2190 <a href=\"https:\/\/www.wellnestla.org\/es\/?page_id=5938\">Volver a Liderazgo<\/a><\/p>\n<p>[\/et_pb_text][\/et_pb_column][\/et_pb_row][\/et_pb_section]<\/p>\n","protected":false},"excerpt":{"rendered":"<p>Jim Balla, Director Administrativo y Empresarial, aporta al equipo ejecutivo de Wellnest m\u00e1s de 35 a\u00f1os de experiencia combinada en gesti\u00f3n y liderazgo en entornos empresariales de escala m\u00faltiple, con \u00e9nfasis en industrias de servicios, incluidas organizaciones de salud mental y atenci\u00f3n sanitaria conductual, agencias de servicios humanos y grupos m\u00e9dicos especializados.<\/p>\n","protected":false},"author":2,"featured_media":5381,"parent":5938,"menu_order":0,"comment_status":"closed","ping_status":"closed","template":"","meta":{"_et_pb_use_builder":"on","_et_pb_old_content":"","_et_gb_content_width":"","inline_featured_image":false,"_monsterinsights_skip_tracking":false,"_monsterinsights_sitenote_active":false,"_monsterinsights_sitenote_note":"","_monsterinsights_sitenote_category":0,"footnotes":""},"class_list":["post-5986","page","type-page","status-publish","has-post-thumbnail","hentry"],"_links":{"self":[{"href":"https:\/\/www.wellnestla.org\/es\/wp-json\/wp\/v2\/pages\/5986","targetHints":{"allow":["GET"]}}],"collection":[{"href":"https:\/\/www.wellnestla.org\/es\/wp-json\/wp\/v2\/pages"}],"about":[{"href":"https:\/\/www.wellnestla.org\/es\/wp-json\/wp\/v2\/types\/page"}],"author":[{"embeddable":true,"href":"https:\/\/www.wellnestla.org\/es\/wp-json\/wp\/v2\/users\/2"}],"replies":[{"embeddable":true,"href":"https:\/\/www.wellnestla.org\/es\/wp-json\/wp\/v2\/comments?post=5986"}],"version-history":[{"count":4,"href":"https:\/\/www.wellnestla.org\/es\/wp-json\/wp\/v2\/pages\/5986\/revisions"}],"predecessor-version":[{"id":6425,"href":"https:\/\/www.wellnestla.org\/es\/wp-json\/wp\/v2\/pages\/5986\/revisions\/6425"}],"up":[{"embeddable":true,"href":"https:\/\/www.wellnestla.org\/es\/wp-json\/wp\/v2\/pages\/5938"}],"wp:featuredmedia":[{"embeddable":true,"href":"https:\/\/www.wellnestla.org\/es\/wp-json\/wp\/v2\/media\/5381"}],"wp:attachment":[{"href":"https:\/\/www.wellnestla.org\/es\/wp-json\/wp\/v2\/media?parent=5986"}],"curies":[{"name":"wp","href":"https:\/\/api.w.org\/{rel}","templated":true}]}}