{"id":6107,"date":"2024-02-24T00:20:08","date_gmt":"2024-02-24T00:20:08","guid":{"rendered":"https:\/\/www.wellnestla.org\/liderazgo\/rebecca-haussling\/"},"modified":"2025-08-11T19:16:38","modified_gmt":"2025-08-11T19:16:38","slug":"rebecca-haussling","status":"publish","type":"page","link":"https:\/\/www.wellnestla.org\/es\/acerca-de\/liderazgo\/rebecca-haussling\/","title":{"rendered":"Rebecca Haussling"},"content":{"rendered":"<p>[et_pb_section fb_built=\u00bb1&#8243; _builder_version=\u00bb4.20.0&#8243; _module_preset=\u00bbdefault\u00bb global_colors_info=\u00bb{}\u00bb][et_pb_row column_structure=\u00bb2_5,3_5&#8243; _builder_version=\u00bb4.20.0&#8243; _module_preset=\u00bbdefault\u00bb background_color=\u00bbgcid-423faae7-2e04-40b4-9bb5-e270c6360f99&#8243; custom_padding=\u00bb0px||0px||false|false\u00bb global_colors_info=\u00bb{%22gcid-423faae7-2e04-40b4-9bb5-e270c6360f99%22:%91%22background_color%22%93}\u00bb][et_pb_column type=\u00bb2_5&#8243; _builder_version=\u00bb4.20.0&#8243; _module_preset=\u00bbdefault\u00bb global_colors_info=\u00bb{}\u00bb][et_pb_image src=\u00bbhttps:\/\/www.wellnestla.org\/wp-content\/uploads\/2024\/02\/Rebeccah_long.jpg\u00bb alt=\u00bbRebecca Haussling\u00bb title_text=\u00bbRebeccah_long\u00bb force_fullwidth=\u00bbon\u00bb _builder_version=\u00bb4.24.0&#8243; _module_preset=\u00bbdefault\u00bb global_colors_info=\u00bb{}\u00bb][\/et_pb_image][\/et_pb_column][et_pb_column type=\u00bb3_5&#8243; _builder_version=\u00bb4.20.0&#8243; _module_preset=\u00bbdefault\u00bb custom_padding=\u00bb60px||||false|false\u00bb custom_padding_tablet=\u00bb20px|20px|30px|20px|false|false\u00bb custom_padding_phone=\u00bb20px|20px|30px|20px|false|false\u00bb custom_padding_last_edited=\u00bbon|phone\u00bb global_colors_info=\u00bb{}\u00bb][dipl_breadcrumb breadcrumb_layout=\u00bblayout2&#8243; separator_type=\u00bbicon_separator\u00bb separator_icon=\u00bb&#xf0da;||fa||900&#8243; separator_size=\u00bb13px\u00bb separator_color=\u00bbgcid-5d685373-0ca0-404e-b8bf-74d115c5b5ad\u00bb separator_size_tablet=\u00bb13px\u00bb separator_size_phone=\u00bb8px\u00bb separator_size_last_edited=\u00bbon|phone\u00bb _builder_version=\u00bb4.20.0&#8243; _module_preset=\u00bbdefault\u00bb global_text_settings_font_size=\u00bb13px\u00bb text_font=\u00bb|700|||||||\u00bb global_text_settings_font_size_tablet=\u00bb13px\u00bb global_text_settings_font_size_phone=\u00bb8px\u00bb global_text_settings_font_size_last_edited=\u00bbon|phone\u00bb global_colors_info=\u00bb{%22gcid-5d685373-0ca0-404e-b8bf-74d115c5b5ad%22:%91%22separator_color%22,%22separator_color%22%93}\u00bb][\/dipl_breadcrumb][et_pb_text _builder_version=\u00bb4.24.0&#8243; _module_preset=\u00bbdefault\u00bb header_font=\u00bb|700|||||||\u00bb header_font_size=\u00bb53px\u00bb header_line_height=\u00bb58px\u00bb header_2_font_size=\u00bb33px\u00bb header_2_line_height=\u00bb2.5em\u00bb custom_margin=\u00bb||0.4em||false|false\u00bb global_colors_info=\u00bb{}\u00bb]<\/p>\n<h1 data-log-name=\"DisplayName\" class=\"cw-primaryText-203\" title=\"Rebecca Haussling\">Rebecca Haussling, MA<\/h1>\n<p>[\/et_pb_text][et_pb_text _builder_version=\u00bb4.20.0&#8243; _module_preset=\u00bbdefault\u00bb header_font=\u00bb|700|||||||\u00bb header_font_size=\u00bb53px\u00bb header_line_height=\u00bb58px\u00bb header_2_font_size=\u00bb33px\u00bb header_2_line_height=\u00bb2.5em\u00bb header_3_font_size=\u00bb42px\u00bb global_colors_info=\u00bb{}\u00bb]<\/p>\n<h2>Wellnest<\/h2>\n<h3>Vicepresidenta de Comunicaciones y Asuntos P\u00fablicos<\/h3>\n<p>[\/et_pb_text][\/et_pb_column][\/et_pb_row][et_pb_row _builder_version=\u00bb4.20.0&#8243; _module_preset=\u00bbdefault\u00bb global_colors_info=\u00bb{}\u00bb][et_pb_column type=\u00bb4_4&#8243; _builder_version=\u00bb4.20.0&#8243; _module_preset=\u00bbdefault\u00bb global_colors_info=\u00bb{}\u00bb][et_pb_text _builder_version=\u00bb4.20.0&#8243; _module_preset=\u00bbdefault\u00bb global_colors_info=\u00bb{}\u00bb]<\/p>\n<p>Como Vicepresidenta de Comunicaciones y Asuntos P\u00fablicos, Rebecca proporciona orientaci\u00f3n estrat\u00e9gica y asesoramiento en relaciones p\u00fablicas, comunicaciones y marketing. Su objetivo es desarrollar un plan integral de comunicaci\u00f3n y marketing para ampliar el alcance de nuestros programas, aumentar nuestro impacto en la comunidad y posicionar a Wellnest como l\u00edder del sector. Rebecca es una experimentada profesional de las comunicaciones y el marketing con m\u00e1s de 15 a\u00f1os de experiencia en sectores con y sin fines de lucro. Recientemente ha ocupado el cargo de Directora Senior de Marketing y Comunicaciones en AbilityFirst, una agencia cuyo objetivo es capacitar a las personas con discapacidad. Rebecca tambi\u00e9n trabaj\u00f3 con Five Acres como Directora de Comunicaciones y Asociaciones Comunitarias y es responsable del lanzamiento de <i>Pasadena Magazine<\/i>.    <\/p>\n<p>Rebecca es licenciada en Literatura Inglesa por la Universidad Estatal de Nueva York y tiene un m\u00e1ster en Liderazgo Organizativo por la Universidad de Woodbury. Es miembro de la Red de Liderazgo del Sur de California y profesora adjunta de la Facultad de Administraci\u00f3n de Empresas de Cal Poly-Pomona. <\/p>\n<p>[\/et_pb_text][et_pb_text _builder_version=\u00bb4.20.0&#8243; _module_preset=\u00bbdefault\u00bb link_font=\u00bb|700|on||||||\u00bb global_colors_info=\u00bb{}\u00bb]<\/p>\n<p>\u2190 <a href=\"https:\/\/www.wellnestla.org\/es\/acerca-de\/liderazgo\/\">Volver a Liderazgo<\/a><\/p>\n<p>[\/et_pb_text][\/et_pb_column][\/et_pb_row][\/et_pb_section]<\/p>\n","protected":false},"excerpt":{"rendered":"<p>Como Vicepresidenta de Comunicaciones y Asuntos P\u00fablicos, Rebecca proporciona orientaci\u00f3n estrat\u00e9gica y asesoramiento en relaciones p\u00fablicas, comunicaciones y marketing.<\/p>\n","protected":false},"author":3,"featured_media":0,"parent":5938,"menu_order":0,"comment_status":"closed","ping_status":"open","template":"","meta":{"_et_pb_use_builder":"on","_et_pb_old_content":"","_et_gb_content_width":"","inline_featured_image":false,"_monsterinsights_skip_tracking":false,"_monsterinsights_sitenote_active":false,"_monsterinsights_sitenote_note":"","_monsterinsights_sitenote_category":0,"footnotes":""},"class_list":["post-6107","page","type-page","status-publish","hentry"],"_links":{"self":[{"href":"https:\/\/www.wellnestla.org\/es\/wp-json\/wp\/v2\/pages\/6107","targetHints":{"allow":["GET"]}}],"collection":[{"href":"https:\/\/www.wellnestla.org\/es\/wp-json\/wp\/v2\/pages"}],"about":[{"href":"https:\/\/www.wellnestla.org\/es\/wp-json\/wp\/v2\/types\/page"}],"author":[{"embeddable":true,"href":"https:\/\/www.wellnestla.org\/es\/wp-json\/wp\/v2\/users\/3"}],"replies":[{"embeddable":true,"href":"https:\/\/www.wellnestla.org\/es\/wp-json\/wp\/v2\/comments?post=6107"}],"version-history":[{"count":5,"href":"https:\/\/www.wellnestla.org\/es\/wp-json\/wp\/v2\/pages\/6107\/revisions"}],"predecessor-version":[{"id":6437,"href":"https:\/\/www.wellnestla.org\/es\/wp-json\/wp\/v2\/pages\/6107\/revisions\/6437"}],"up":[{"embeddable":true,"href":"https:\/\/www.wellnestla.org\/es\/wp-json\/wp\/v2\/pages\/5938"}],"wp:attachment":[{"href":"https:\/\/www.wellnestla.org\/es\/wp-json\/wp\/v2\/media?parent=6107"}],"curies":[{"name":"wp","href":"https:\/\/api.w.org\/{rel}","templated":true}]}}