{"id":6135,"date":"2025-05-21T00:34:58","date_gmt":"2025-05-21T00:34:58","guid":{"rendered":"https:\/\/www.wellnestla.org\/pregunta-a-un-experto\/"},"modified":"2025-08-12T17:01:41","modified_gmt":"2025-08-12T17:01:41","slug":"pregunta-a-un-experto","status":"publish","type":"page","link":"https:\/\/www.wellnestla.org\/es\/pregunta-a-un-experto\/","title":{"rendered":"Pregunta a un experto"},"content":{"rendered":"<p>[et_pb_section fb_built=\u00bb1&#8243; _builder_version=\u00bb4.20.0&#8243; _module_preset=\u00bbdefault\u00bb background_image=\u00bbhttps:\/\/www.wellnestla.org\/wp-content\/uploads\/2023\/02\/Large-Light-Blue-Cloud-Background.jpg\u00bb locked=\u00bboff\u00bb global_colors_info=\u00bb{}\u00bb][et_pb_row _builder_version=\u00bb4.20.0&#8243; _module_preset=\u00bbdefault\u00bb custom_padding=\u00bb||0px||false|false\u00bb global_colors_info=\u00bb{}\u00bb][et_pb_column type=\u00bb4_4&#8243; _builder_version=\u00bb4.20.0&#8243; _module_preset=\u00bbdefault\u00bb global_colors_info=\u00bb{}\u00bb][et_pb_text _builder_version=\u00bb4.27.3&#8243; _dynamic_attributes=\u00bbcontent\u00bb _module_preset=\u00bbdefault\u00bb header_font=\u00bb||||||||\u00bb header_text_color=\u00bb#666666&#8243; header_font_size_tablet=\u00bb55px\u00bb header_font_size_phone=\u00bb35px\u00bb header_font_size_last_edited=\u00bbon|phone\u00bb global_colors_info=\u00bb{}\u00bb]@ET-DC@eyJkeW5hbWljIjp0cnVlLCJjb250ZW50IjoicG9zdF90aXRsZSIsInNldHRpbmdzIjp7ImJlZm9yZSI6IjxoMT4iLCJhZnRlciI6IjwvaDE+In19@[\/et_pb_text][\/et_pb_column][\/et_pb_row][et_pb_row _builder_version=\u00bb4.20.0&#8243; _module_preset=\u00bbdefault\u00bb custom_padding=\u00bb0px||||false|false\u00bb global_colors_info=\u00bb{}\u00bb][et_pb_column type=\u00bb4_4&#8243; _builder_version=\u00bb4.20.0&#8243; _module_preset=\u00bbdefault\u00bb global_colors_info=\u00bb{}\u00bb][dipl_breadcrumb breadcrumb_layout=\u00bblayout2&#8243; separator_type=\u00bbicon_separator\u00bb separator_icon=\u00bb&#x45;||divi||400&#8243; separator_color=\u00bb#FFFFFF\u00bb separator_size_tablet=\u00bb\u00bb separator_size_phone=\u00bb8px\u00bb separator_size_last_edited=\u00bbon|phone\u00bb _builder_version=\u00bb4.20.0&#8243; _module_preset=\u00bbdefault\u00bb global_text_settings_text_align=\u00bbright\u00bb global_text_settings_font_size=\u00bb13px\u00bb text_font=\u00bb|700|||||||\u00bb link_text_color=\u00bb#FFFFFF\u00bb background_color=\u00bbgcid-5d685373-0ca0-404e-b8bf-74d115c5b5ad\u00bb custom_margin=\u00bb1.5em||||false|false\u00bb custom_padding=\u00bb0.5em|0.65em|0.5em|1em|true|false\u00bb custom_padding_tablet=\u00bb0.5em|0.65em|0.5em|1em|true|false\u00bb custom_padding_phone=\u00bb0.1em|0.65em|0.1em|1em|true|false\u00bb custom_padding_last_edited=\u00bbon|phone\u00bb global_text_settings_font_size_tablet=\u00bb13px\u00bb global_text_settings_font_size_phone=\u00bb8px\u00bb global_text_settings_font_size_last_edited=\u00bbon|phone\u00bb custom_css_main_element=\u00bbdisplay: inline-block;\u00bb border_radii=\u00bbon|50px|50px|50px|50px\u00bb global_colors_info=\u00bb{%22gcid-5d685373-0ca0-404e-b8bf-74d115c5b5ad%22:%91%22background_color%22,%22background_color%22%93}\u00bb][\/dipl_breadcrumb][\/et_pb_column][\/et_pb_row][\/et_pb_section][et_pb_section fb_built=\u00bb1&#8243; _builder_version=\u00bb4.27.3&#8243; _module_preset=\u00bbdefault\u00bb min_height=\u00bb5px\u00bb height=\u00bb5px\u00bb global_colors_info=\u00bb{}\u00bb][\/et_pb_section][et_pb_section fb_built=\u00bb1&#8243; _builder_version=\u00bb4.27.3&#8243; _module_preset=\u00bbdefault\u00bb background_enable_color=\u00bboff\u00bb background_size=\u00bbcustom\u00bb custom_padding=\u00bb0px||0px||true|false\u00bb locked=\u00bboff\u00bb global_colors_info=\u00bb{%22gcid-423faae7-2e04-40b4-9bb5-e270c6360f99%22:%91%22background_color%22%93}\u00bb][et_pb_row column_structure=\u00bb1_2,1_2&#8243; use_custom_gutter=\u00bbon\u00bb gutter_width=\u00bb1&#8243; make_equal=\u00bbon\u00bb _builder_version=\u00bb4.27.3&#8243; _module_preset=\u00bbdefault\u00bb max_width=\u00bb100%\u00bb custom_padding=\u00bb0px||0px||false|false\u00bb global_colors_info=\u00bb{}\u00bb][et_pb_column type=\u00bb1_2&#8243; _builder_version=\u00bb4.20.0&#8243; _module_preset=\u00bbdefault\u00bb global_colors_info=\u00bb{}\u00bb][et_pb_text _builder_version=\u00bb4.27.3&#8243; _module_preset=\u00bbdefault\u00bb text_text_color=\u00bb#666666&#8243; max_width=\u00bb600px\u00bb max_width_tablet=\u00bb80%\u00bb max_width_phone=\u00bb80%\u00bb max_width_last_edited=\u00bbon|tablet\u00bb module_alignment=\u00bbcenter\u00bb custom_margin=\u00bb|||235px|false|false\u00bb custom_padding=\u00bb2em|1em|2em|0px|true|false\u00bb custom_padding_tablet=\u00bb5em|0px|5em|0px|true|false\u00bb custom_padding_phone=\u00bb3em||3em||true|false\u00bb custom_padding_last_edited=\u00bbon|phone\u00bb module_alignment_tablet=\u00bbcenter\u00bb module_alignment_phone=\u00bbcenter\u00bb module_alignment_last_edited=\u00bbon|tablet\u00bb global_colors_info=\u00bb{}\u00bb]<\/p>\n<p><span style=\"font-size: x-large; color: #624c79;\"><strong><span>Conoce a Adam Sternberg,<br \/>Director de Servicios Ambulatorios<\/span><\/strong><\/span><\/p>\n<p>Adam es el Director de Servicios Ambulatorios de la sede de Wellnest en Exposition Park, donde supervisa cinco programas, entre ellos la inscripci\u00f3n centralizada (Access), los Servicios Ambulatorios, los Servicios Psiqui\u00e1tricos, los Servicios Vinculados a la Escuela y un programa de formaci\u00f3n predoctoral. Se centra en apoyar a su plantilla de profesionales, procedimientos y formaci\u00f3n para garantizar una atenci\u00f3n cl\u00ednica de alta calidad, al tiempo que apoya las mejoras del programa que responden tanto a las necesidades de Wellnest como a las de la comunidad.<\/p>\n<p>Un reto que ve hoy es c\u00f3mo la tecnolog\u00eda sigue superando a la pr\u00e1ctica cl\u00ednica. \u00abEncontrar el equilibrio adecuado entre los servicios presenciales y los de telesalud sigue siendo un reto\u00bb, se\u00f1ala, sobre todo si se tienen en cuenta los factores de riesgo y la calidad de la conexi\u00f3n terap\u00e9utica. Wellnest aborda esto ofreciendo un modelo h\u00edbrido y evaluando lo que es cl\u00ednicamente apropiado para cada cliente. \u00bfSu consejo para la pr\u00f3xima generaci\u00f3n? \u00abMantente conectado a tu misi\u00f3n y valores personales&#8230; saber por qu\u00e9 elegiste este camino te ayudar\u00e1 a sostenerte en los momentos m\u00e1s dif\u00edciles\u00bb. Lee su art\u00edculo completo <a href=\"https:\/\/www.wellnestla.org\/es\/acerca-de\/liderazgo\/preguntele-a-un-experto-adam-sternberg\/\"><strong><em>haciendo clic aqu\u00ed.<\/em><\/strong><\/a><\/p>\n<p>[\/et_pb_text][\/et_pb_column][et_pb_column type=\u00bb1_2&#8243; _builder_version=\u00bb4.27.3&#8243; _module_preset=\u00bbdefault\u00bb background_enable_image=\u00bboff\u00bb parallax=\u00bbon\u00bb border_radii=\u00bboff|20px|200px|20px|20px\u00bb global_colors_info=\u00bb{}\u00bb][et_pb_image src=\u00bbhttps:\/\/www.wellnestla.org\/wp-content\/uploads\/2025\/05\/AdamS.jpg\u00bb alt=\u00bbAdam Sternberg\u00bb title_text=\u00bbAdamS\u00bb _builder_version=\u00bb4.27.3&#8243; _module_preset=\u00bbdefault\u00bb border_color_all=\u00bb#FFFFFF\u00bb global_colors_info=\u00bb{}\u00bb][\/et_pb_image][\/et_pb_column][\/et_pb_row][et_pb_row _builder_version=\u00bb4.27.3&#8243; _module_preset=\u00bbdefault\u00bb width=\u00bb100%\u00bb max_width=\u00bb2560px\u00bb custom_padding=\u00bb||60px||false|false\u00bb locked=\u00bboff\u00bb global_colors_info=\u00bb{}\u00bb][et_pb_column type=\u00bb4_4&#8243; _builder_version=\u00bb4.27.3&#8243; _module_preset=\u00bbdefault\u00bb global_colors_info=\u00bb{}\u00bb][et_pb_divider show_divider=\u00bboff\u00bb _builder_version=\u00bb4.27.3&#8243; _module_preset=\u00bbdefault\u00bb width=\u00bb100%\u00bb global_colors_info=\u00bb{}\u00bb][\/et_pb_divider][\/et_pb_column][\/et_pb_row][\/et_pb_section]<\/p>\n","protected":false},"excerpt":{"rendered":"<p>\u00bfTienes alguna pregunta sobre terapia, salud mental o apoyo comunitario? En nuestra p\u00e1gina Preg\u00fantale a un Experto, los profesionales de Wellnest ofrecen orientaci\u00f3n experta a trav\u00e9s de c\u00f3modas sesiones ambulatorias, en el centro escolar, en casa o en la comunidad, conectando a las familias y personas de Los \u00c1ngeles con la atenci\u00f3n de confianza que necesitan.<\/p>\n","protected":false},"author":3,"featured_media":0,"parent":0,"menu_order":0,"comment_status":"closed","ping_status":"closed","template":"","meta":{"_et_pb_use_builder":"on","_et_pb_old_content":"","_et_gb_content_width":"","inline_featured_image":false,"_monsterinsights_skip_tracking":false,"_monsterinsights_sitenote_active":false,"_monsterinsights_sitenote_note":"","_monsterinsights_sitenote_category":0,"footnotes":""},"class_list":["post-6135","page","type-page","status-publish","hentry"],"_links":{"self":[{"href":"https:\/\/www.wellnestla.org\/es\/wp-json\/wp\/v2\/pages\/6135","targetHints":{"allow":["GET"]}}],"collection":[{"href":"https:\/\/www.wellnestla.org\/es\/wp-json\/wp\/v2\/pages"}],"about":[{"href":"https:\/\/www.wellnestla.org\/es\/wp-json\/wp\/v2\/types\/page"}],"author":[{"embeddable":true,"href":"https:\/\/www.wellnestla.org\/es\/wp-json\/wp\/v2\/users\/3"}],"replies":[{"embeddable":true,"href":"https:\/\/www.wellnestla.org\/es\/wp-json\/wp\/v2\/comments?post=6135"}],"version-history":[{"count":3,"href":"https:\/\/www.wellnestla.org\/es\/wp-json\/wp\/v2\/pages\/6135\/revisions"}],"predecessor-version":[{"id":6454,"href":"https:\/\/www.wellnestla.org\/es\/wp-json\/wp\/v2\/pages\/6135\/revisions\/6454"}],"wp:attachment":[{"href":"https:\/\/www.wellnestla.org\/es\/wp-json\/wp\/v2\/media?parent=6135"}],"curies":[{"name":"wp","href":"https:\/\/api.w.org\/{rel}","templated":true}]}}