{"id":6323,"date":"2025-05-02T18:36:46","date_gmt":"2025-05-02T18:36:46","guid":{"rendered":"https:\/\/www.wellnestla.org\/mensaje-del-director-de-programas\/"},"modified":"2025-07-29T14:29:35","modified_gmt":"2025-07-29T14:29:35","slug":"mensaje-del-director-de-programas","status":"publish","type":"page","link":"https:\/\/www.wellnestla.org\/es\/acerca-de\/mensaje-del-director-de-programas\/","title":{"rendered":"Mensaje del Director de Programas"},"content":{"rendered":"<p>[et_pb_section fb_built=\u00bb1&#8243; _builder_version=\u00bb4.20.0&#8243; _module_preset=\u00bbdefault\u00bb background_image=\u00bbhttps:\/\/www.wellnestla.org\/wp-content\/uploads\/2023\/02\/Large-Light-Blue-Cloud-Background.jpg\u00bb width=\u00bb100%\u00bb global_colors_info=\u00bb{}\u00bb][et_pb_row column_structure=\u00bb3_5,2_5&#8243; use_custom_gutter=\u00bbon\u00bb gutter_width=\u00bb1&#8243; _builder_version=\u00bb4.20.0&#8243; _module_preset=\u00bbdefault\u00bb global_colors_info=\u00bb{}\u00bb][et_pb_column type=\u00bb3_5&#8243; _builder_version=\u00bb4.20.0&#8243; _module_preset=\u00bbdefault\u00bb global_colors_info=\u00bb{}\u00bb][et_pb_text _builder_version=\u00bb4.27.3&#8243; _module_preset=\u00bbdefault\u00bb header_font=\u00bb||||||||\u00bb header_text_color=\u00bb#666666&#8243; header_line_height=\u00bb82.3px\u00bb header_font_size_tablet=\u00bb55px\u00bb header_font_size_phone=\u00bb35px\u00bb header_font_size_last_edited=\u00bbon|phone\u00bb global_colors_info=\u00bb{}\u00bb]<\/p>\n<h1><b>Mensaje del Director de Programas<\/b><\/h1>\n<p>[\/et_pb_text][\/et_pb_column][et_pb_column type=\u00bb2_5&#8243; _builder_version=\u00bb4.20.0&#8243; _module_preset=\u00bbdefault\u00bb global_colors_info=\u00bb{}\u00bb][dipl_breadcrumb breadcrumb_layout=\u00bblayout2&#8243; separator_type=\u00bbicon_separator\u00bb separator_icon=\u00bbE||divi||400&#8243; separator_color=\u00bb#FFFFFF\u00bb separator_size_tablet=\u00bb\u00bb separator_size_phone=\u00bb8px\u00bb separator_size_last_edited=\u00bbon|phone\u00bb _builder_version=\u00bb4.20.0&#8243; _module_preset=\u00bbdefault\u00bb global_text_settings_text_align=\u00bbright\u00bb global_text_settings_font_size=\u00bb13px\u00bb text_font=\u00bb|700|||||||\u00bb link_text_color=\u00bb#FFFFFF\u00bb background_color=\u00bbgcid-5d685373-0ca0-404e-b8bf-74d115c5b5ad\u00bb custom_margin=\u00bb1.5em||||false|false\u00bb custom_padding=\u00bb0.5em|0.65em|0.5em|1em|true|false\u00bb custom_padding_tablet=\u00bb0.5em|0.65em|0.5em|1em|true|false\u00bb custom_padding_phone=\u00bb0.1em|0.65em|0.1em|1em|true|false\u00bb custom_padding_last_edited=\u00bbon|phone\u00bb global_text_settings_text_align_tablet=\u00bbright\u00bb global_text_settings_text_align_phone=\u00bbcenter\u00bb global_text_settings_text_align_last_edited=\u00bbon|phone\u00bb global_text_settings_font_size_tablet=\u00bb13px\u00bb global_text_settings_font_size_phone=\u00bb8px\u00bb global_text_settings_font_size_last_edited=\u00bbon|phone\u00bb custom_css_main_element=\u00bbdisplay: inline-block;||float: right;\u00bb border_radii=\u00bbon|50px|50px|50px|50px\u00bb global_colors_info=\u00bb{%22gcid-5d685373-0ca0-404e-b8bf-74d115c5b5ad%22:%91%22background_color%22,%22background_color%22%93}\u00bb custom_css_main_element_tablet=\u00bbfloat: left;\u00bb custom_css_main_element_phone=\u00bbfloat: left;\u00bb custom_css_main_element_last_edited=\u00bbon|phone\u00bb][\/dipl_breadcrumb][\/et_pb_column][\/et_pb_row][\/et_pb_section][et_pb_section fb_built=\u00bb1&#8243; _builder_version=\u00bb4.27.3&#8243; _module_preset=\u00bbdefault\u00bb locked=\u00bboff\u00bb global_colors_info=\u00bb{}\u00bb][et_pb_row _builder_version=\u00bb4.27.3&#8243; _module_preset=\u00bbdefault\u00bb global_colors_info=\u00bb{}\u00bb][et_pb_column type=\u00bb4_4&#8243; _builder_version=\u00bb4.27.3&#8243; _module_preset=\u00bbdefault\u00bb global_colors_info=\u00bb{}\u00bb][et_pb_text _builder_version=\u00bb4.27.3&#8243; _module_preset=\u00bbdefault\u00bb header_text_color=\u00bb#666666&#8243; custom_padding=\u00bb11px||||false|false\u00bb global_colors_info=\u00bb{}\u00bb]<\/p>\n<p>Estimada Comunidad de Wellnest,<\/p>\n<p>Mayo es el Mes de la Concienciaci\u00f3n sobre la Salud Mental, un momento para reconocer la importancia del bienestar emocional y dedicar tiempo de emisi\u00f3n y mensajes externos importantes, como a las redes sociales y la promoci\u00f3n, para continuar rompiendo el estigma que con demasiada frecuencia rodea a la salud mental. En Wellnest, creemos que la salud mental est\u00e1 directamente relacionada con la salud general, y que todos los ni\u00f1os, j\u00f3venes e individuos merecen tener acceso a cuidados de apoyo, compasivos e integrales. <\/p>\n<p>Durante m\u00e1s de 100 a\u00f1os, el equipo dedicado de Wellnest ha adoptado la tarea cr\u00edtica de servir a los ni\u00f1os, j\u00f3venes y familias m\u00e1s vulnerables en el \u00e1rea metropolitana de Los \u00c1ngeles. A trav\u00e9s de servicios basados en la comunidad, vinculados a la escuela y en los sitios de nuestras siete ubicaciones, estamos construyendo comunidades m\u00e1s fuertes y saludables todos los d\u00edas. <\/p>\n<p>Estamos entusiasmados por ampliar nuestro programa de Salud Mental Materna para apoyar mejor a las madres durante y despu\u00e9s del embarazo. Tambi\u00e9n hemos aumentado nuestros servicios de Visitas al Hogar, brindando atenci\u00f3n personalizada y culturalmente sensible directamente a las familias en la comodidad de sus hogares. El Nido en la Exposition pronto albergar\u00e1 a 24 personas en riesgo de quedarse sin hogar, y pronto comenzaremos la construcci\u00f3n del Centro de Wellnest Comunitario, con un enfoque en la atenci\u00f3n integrada, con el objetivo de construir un futuro m\u00e1s saludable para los ni\u00f1os, las familias y los adultos j\u00f3venes que pueden enfrentarse a barreras para una atenci\u00f3n m\u00e9dica equitativa.  <\/p>\n<p>Sabemos que los factores estresantes externos de hoy en d\u00eda, incertidumbre econ\u00f3mica, violencia comunitaria, desigualdades sist\u00e9micas, siguen perpetuando los desaf\u00edos de salud mental. En Wellnest, nuestros proveedores est\u00e1n capacitados para reconocer y responder a estas realidades con sensibilidad y cuidado. Animamos a todos nuestros clientes, al personal y a vosotros, nuestros partidarios de la comunidad, a priorizar su propio cuidado personal: respira profundamente, escucha las se\u00f1ales que su cuerpo le pueda estar enviando y est\u00e9 atento\/a a quienes lo\/la rodean y a las personas en su comunidad.  <\/p>\n<p><strong>Reserva la Fecha &#8211; viernes, 16 de mayo, de 2 a 5PM<\/strong>. Nos hemos asociado con Ora Caf\u00e9 en Leimert Park, para brindarles una tarde de bienestar, mientras celebramos el mes que sigue. <\/p>\n<p>Para m\u00e1s informaci\u00f3n visita <a href=\"www.wellnestla.org\/mentalhealthawareness\">Wellnestla.org\/mentalhealthawareness<\/a><\/p>\n<p>\u00a1Tu salud mental es importante!<\/p>\n<p>En agradecimiento,<\/p>\n<p><strong>Paco Retana, LCSW<\/strong><br \/>Director de Programas<\/p>\n<p>[\/et_pb_text][et_pb_image src=\u00bbhttps:\/\/www.wellnestla.org\/wp-content\/uploads\/2023\/02\/Paco-Retana-150&#215;150.jpg\u00bb alt=\u00bbPaco Retana\u00bb title_text=\u00bbPaco Retana\u00bb _builder_version=\u00bb4.27.3&#8243; _module_preset=\u00bbdefault\u00bb global_colors_info=\u00bb{}\u00bb][\/et_pb_image][\/et_pb_column][\/et_pb_row][\/et_pb_section]<\/p>\n","protected":false},"excerpt":{"rendered":"<p>Lee el mensaje del Director de Programas para saber c\u00f3mo nuestros programas de terapia en Los \u00c1ngeles est\u00e1n teniendo un impacto duradero en las comunidades desfavorecidas. Nuestro Director de Programas comparte sus ideas sobre c\u00f3mo ampliar el acceso a los servicios de salud mental y capacitar a los clientes mediante una atenci\u00f3n compasiva. <\/p>\n","protected":false},"author":3,"featured_media":0,"parent":6331,"menu_order":0,"comment_status":"closed","ping_status":"closed","template":"","meta":{"_et_pb_use_builder":"on","_et_pb_old_content":"","_et_gb_content_width":"","inline_featured_image":false,"_monsterinsights_skip_tracking":false,"_monsterinsights_sitenote_active":false,"_monsterinsights_sitenote_note":"","_monsterinsights_sitenote_category":0,"footnotes":""},"class_list":["post-6323","page","type-page","status-publish","hentry"],"_links":{"self":[{"href":"https:\/\/www.wellnestla.org\/es\/wp-json\/wp\/v2\/pages\/6323","targetHints":{"allow":["GET"]}}],"collection":[{"href":"https:\/\/www.wellnestla.org\/es\/wp-json\/wp\/v2\/pages"}],"about":[{"href":"https:\/\/www.wellnestla.org\/es\/wp-json\/wp\/v2\/types\/page"}],"author":[{"embeddable":true,"href":"https:\/\/www.wellnestla.org\/es\/wp-json\/wp\/v2\/users\/3"}],"replies":[{"embeddable":true,"href":"https:\/\/www.wellnestla.org\/es\/wp-json\/wp\/v2\/comments?post=6323"}],"version-history":[{"count":1,"href":"https:\/\/www.wellnestla.org\/es\/wp-json\/wp\/v2\/pages\/6323\/revisions"}],"predecessor-version":[{"id":6326,"href":"https:\/\/www.wellnestla.org\/es\/wp-json\/wp\/v2\/pages\/6323\/revisions\/6326"}],"up":[{"embeddable":true,"href":"https:\/\/www.wellnestla.org\/es\/wp-json\/wp\/v2\/pages\/6331"}],"wp:attachment":[{"href":"https:\/\/www.wellnestla.org\/es\/wp-json\/wp\/v2\/media?parent=6323"}],"curies":[{"name":"wp","href":"https:\/\/api.w.org\/{rel}","templated":true}]}}