{"id":6327,"date":"2025-05-02T18:33:32","date_gmt":"2025-05-02T18:33:32","guid":{"rendered":"https:\/\/www.wellnestla.org\/mensaje-del-director-de-programas-2\/"},"modified":"2025-08-04T20:26:11","modified_gmt":"2025-08-04T20:26:11","slug":"mensaje-del-director-de-programas-2","status":"publish","type":"page","link":"https:\/\/www.wellnestla.org\/es\/acerca-de\/mensaje-del-director-de-programas-2\/","title":{"rendered":"Mensaje del Director de Programas"},"content":{"rendered":"<p>[et_pb_section fb_built=\u00bb1&#8243; _builder_version=\u00bb4.20.0&#8243; _module_preset=\u00bbdefault\u00bb background_image=\u00bbhttps:\/\/www.wellnestla.org\/wp-content\/uploads\/2023\/02\/Large-Light-Blue-Cloud-Background.jpg\u00bb width=\u00bb100%\u00bb global_colors_info=\u00bb{}\u00bb][et_pb_row column_structure=\u00bb3_5,2_5&#8243; use_custom_gutter=\u00bbon\u00bb gutter_width=\u00bb1&#8243; _builder_version=\u00bb4.20.0&#8243; _module_preset=\u00bbdefault\u00bb global_colors_info=\u00bb{}\u00bb][et_pb_column type=\u00bb3_5&#8243; _builder_version=\u00bb4.20.0&#8243; _module_preset=\u00bbdefault\u00bb global_colors_info=\u00bb{}\u00bb][et_pb_text _builder_version=\u00bb4.27.3&#8243; _module_preset=\u00bbdefault\u00bb header_font=\u00bb||||||||\u00bb header_text_color=\u00bb#666666&#8243; header_line_height=\u00bb82.3px\u00bb header_font_size_tablet=\u00bb55px\u00bb header_font_size_phone=\u00bb35px\u00bb header_font_size_last_edited=\u00bbon|phone\u00bb global_colors_info=\u00bb{}\u00bb]<\/p>\n<h1><b>Mensaje del Director de Programas<\/b><\/h1>\n<p>[\/et_pb_text][\/et_pb_column][et_pb_column type=\u00bb2_5&#8243; _builder_version=\u00bb4.20.0&#8243; _module_preset=\u00bbdefault\u00bb global_colors_info=\u00bb{}\u00bb][dipl_breadcrumb breadcrumb_layout=\u00bblayout2&#8243; separator_type=\u00bbicon_separator\u00bb separator_icon=\u00bbE||divi||400&#8243; separator_color=\u00bb#FFFFFF\u00bb separator_size_tablet=\u00bb\u00bb separator_size_phone=\u00bb8px\u00bb separator_size_last_edited=\u00bbon|phone\u00bb _builder_version=\u00bb4.20.0&#8243; _module_preset=\u00bbdefault\u00bb global_text_settings_text_align=\u00bbright\u00bb global_text_settings_font_size=\u00bb13px\u00bb text_font=\u00bb|700|||||||\u00bb link_text_color=\u00bb#FFFFFF\u00bb background_color=\u00bbgcid-5d685373-0ca0-404e-b8bf-74d115c5b5ad\u00bb custom_margin=\u00bb1.5em||||false|false\u00bb custom_padding=\u00bb0.5em|0.65em|0.5em|1em|true|false\u00bb custom_padding_tablet=\u00bb0.5em|0.65em|0.5em|1em|true|false\u00bb custom_padding_phone=\u00bb0.1em|0.65em|0.1em|1em|true|false\u00bb custom_padding_last_edited=\u00bbon|phone\u00bb global_text_settings_text_align_tablet=\u00bbright\u00bb global_text_settings_text_align_phone=\u00bbcenter\u00bb global_text_settings_text_align_last_edited=\u00bbon|phone\u00bb global_text_settings_font_size_tablet=\u00bb13px\u00bb global_text_settings_font_size_phone=\u00bb8px\u00bb global_text_settings_font_size_last_edited=\u00bbon|phone\u00bb custom_css_main_element=\u00bbdisplay: inline-block;||float: right;\u00bb border_radii=\u00bbon|50px|50px|50px|50px\u00bb global_colors_info=\u00bb{%22gcid-5d685373-0ca0-404e-b8bf-74d115c5b5ad%22:%91%22background_color%22,%22background_color%22%93}\u00bb custom_css_main_element_tablet=\u00bbfloat: left;\u00bb custom_css_main_element_phone=\u00bbfloat: left;\u00bb custom_css_main_element_last_edited=\u00bbon|phone\u00bb][\/dipl_breadcrumb][\/et_pb_column][\/et_pb_row][\/et_pb_section][et_pb_section fb_built=\u00bb1&#8243; _builder_version=\u00bb4.27.3&#8243; _module_preset=\u00bbdefault\u00bb locked=\u00bboff\u00bb global_colors_info=\u00bb{}\u00bb][et_pb_row _builder_version=\u00bb4.27.3&#8243; _module_preset=\u00bbdefault\u00bb global_colors_info=\u00bb{}\u00bb][et_pb_column type=\u00bb4_4&#8243; _builder_version=\u00bb4.27.3&#8243; _module_preset=\u00bbdefault\u00bb global_colors_info=\u00bb{}\u00bb][et_pb_text _builder_version=\u00bb4.27.3&#8243; _module_preset=\u00bbdefault\u00bb header_text_color=\u00bb#666666&#8243; global_colors_info=\u00bb{}\u00bb]<\/p>\n<p>Hola Comunidad Wellnest,<\/p>\n<p>Mayo es el Mes de la Concienciaci\u00f3n sobre la Salud Mental, un momento para reconocer la importancia del bienestar emocional y dedicar un importante tiempo de antena y mensajes externos, como los medios sociales y la divulgaci\u00f3n, para seguir rompiendo el estigma que con demasiada frecuencia rodea a la salud mental. En Wellnest, creemos que la salud mental est\u00e1 directamente relacionada con la salud general, y que todos los ni\u00f1os, j\u00f3venes y personas merecen tener acceso a una atenci\u00f3n de apoyo, compasiva e integral. <\/p>\n<p>Durante m\u00e1s de 100 a\u00f1os, el entregado equipo de Wellnest ha asumido la cr\u00edtica tarea de atender a los ni\u00f1os, j\u00f3venes y familias m\u00e1s vulnerables del \u00e1rea metropolitana de Los \u00c1ngeles. Mediante servicios comunitarios, escolares e in situ en nuestras siete sedes, construimos comunidades m\u00e1s fuertes y sanas cada d\u00eda. <\/p>\n<p>Nos complace ampliar nuestros programas de Salud Mental Materna para apoyar mejor a las madres durante y despu\u00e9s del embarazo. Tambi\u00e9n hemos ampliado nuestros servicios de Visitas Domiciliarias, que ofrecen atenci\u00f3n personalizada y culturalmente sensible directamente a las familias en la comodidad de sus hogares. El Nido de Exposition albergar\u00e1 pronto a 24 personas en riesgo de quedarse sin hogar, y pronto pondremos la primera piedra del Centro Comunitario de Bienestar, centrado en la atenci\u00f3n integrada, con el objetivo de construir un futuro m\u00e1s saludable para los ni\u00f1os, las familias y los j\u00f3venes adultos que pueden enfrentarse a barreras para acceder a una atenci\u00f3n sanitaria equitativa.  <\/p>\n<p>Sabemos que los factores de estr\u00e9s externos actuales -incertidumbre econ\u00f3mica, violencia en la comunidad, desigualdades sist\u00e9micas- siguen perpetuando los problemas de salud mental. En Wellnest, nuestros proveedores est\u00e1n formados para reconocer y responder a estas realidades con sensibilidad y cuidado. Animamos a todos nuestros clientes, a nuestro personal y a ti, que apoyas a nuestra comunidad, a dar prioridad a tu propio autocuidado: respira hondo, escucha las se\u00f1ales que pueda enviarte tu cuerpo y cuida de los que te rodean y de tu comunidad.  <\/p>\n<p><strong>Save the Date &#8211; Friday May 16th @ 2:00 &#8211; 5:00 PM<\/strong> we&#8217;ve partnered with Ora Caf\u00e9 in Leimert Park, to bring an afternoon of wellness, as we celebrate the month ahead.<\/p>\n<p>M\u00e1s informaci\u00f3n: <a href=\"www.wellnestla.org\/mentalhealthawareness\">wellnestla.org\/mentalhealthawareness<\/a><\/p>\n<p><a href=\"https:\/\/www.wellnestla.org\/es\/acerca-de\/mensaje-del-director-de-programas\/\"><span>In English here<\/span><\/a><\/p>\n<p>\u00a1Tu salud mental importa!<\/p>\n<p>En agradecimiento,<\/p>\n<p><strong>Paco Retana, LCSW<\/strong><br \/>Director del Programa<\/p>\n<p>[\/et_pb_text][et_pb_text _builder_version=\u00bb4.27.3&#8243; _module_preset=\u00bbdefault\u00bb text_line_height=\u00bb1em\u00bb custom_padding=\u00bb0px||||false|false\u00bb global_colors_info=\u00bb{}\u00bb][\/et_pb_text][et_pb_image src=\u00bbhttps:\/\/www.wellnestla.org\/wp-content\/uploads\/2023\/02\/Paco-Retana-150&#215;150.jpg\u00bb alt=\u00bbPaco Retana\u00bb title_text=\u00bbPaco Retana\u00bb _builder_version=\u00bb4.27.3&#8243; _module_preset=\u00bbdefault\u00bb global_colors_info=\u00bb{}\u00bb][\/et_pb_image][\/et_pb_column][\/et_pb_row][\/et_pb_section]<\/p>\n","protected":false},"excerpt":{"rendered":"<p>En el mensaje del Director de Programas, Wellnest reafirma su compromiso con la salud mental durante el Mes de la Concienciaci\u00f3n sobre la Salud Mental, haciendo hincapi\u00e9 en que el bienestar emocional es esencial para la salud en general. Con m\u00e1s de 100 a\u00f1os de servicio en Los \u00c1ngeles, nuestros programas de terapia siguen rompiendo el estigma y proporcionando una atenci\u00f3n compasiva y basada en la comunidad a ni\u00f1os, j\u00f3venes y familias desfavorecidos. <\/p>\n","protected":false},"author":3,"featured_media":0,"parent":6331,"menu_order":0,"comment_status":"closed","ping_status":"closed","template":"","meta":{"_et_pb_use_builder":"on","_et_pb_old_content":"","_et_gb_content_width":"","inline_featured_image":false,"_monsterinsights_skip_tracking":false,"_monsterinsights_sitenote_active":false,"_monsterinsights_sitenote_note":"","_monsterinsights_sitenote_category":0,"footnotes":""},"class_list":["post-6327","page","type-page","status-publish","hentry"],"_links":{"self":[{"href":"https:\/\/www.wellnestla.org\/es\/wp-json\/wp\/v2\/pages\/6327","targetHints":{"allow":["GET"]}}],"collection":[{"href":"https:\/\/www.wellnestla.org\/es\/wp-json\/wp\/v2\/pages"}],"about":[{"href":"https:\/\/www.wellnestla.org\/es\/wp-json\/wp\/v2\/types\/page"}],"author":[{"embeddable":true,"href":"https:\/\/www.wellnestla.org\/es\/wp-json\/wp\/v2\/users\/3"}],"replies":[{"embeddable":true,"href":"https:\/\/www.wellnestla.org\/es\/wp-json\/wp\/v2\/comments?post=6327"}],"version-history":[{"count":5,"href":"https:\/\/www.wellnestla.org\/es\/wp-json\/wp\/v2\/pages\/6327\/revisions"}],"predecessor-version":[{"id":6381,"href":"https:\/\/www.wellnestla.org\/es\/wp-json\/wp\/v2\/pages\/6327\/revisions\/6381"}],"up":[{"embeddable":true,"href":"https:\/\/www.wellnestla.org\/es\/wp-json\/wp\/v2\/pages\/6331"}],"wp:attachment":[{"href":"https:\/\/www.wellnestla.org\/es\/wp-json\/wp\/v2\/media?parent=6327"}],"curies":[{"name":"wp","href":"https:\/\/api.w.org\/{rel}","templated":true}]}}