{"id":6347,"date":"2023-02-23T01:47:02","date_gmt":"2023-02-23T01:47:02","guid":{"rendered":"https:\/\/www.wellnestla.org\/nuestros-servicios\/programa-de-capacitacion-clinica-y-desarrollo-de-pasantes\/"},"modified":"2025-07-29T19:13:38","modified_gmt":"2025-07-29T19:13:38","slug":"programa-de-capacitacion-clinica-y-desarrollo-de-pasantes","status":"publish","type":"page","link":"https:\/\/www.wellnestla.org\/es\/nuestros-servicios\/programa-de-capacitacion-clinica-y-desarrollo-de-pasantes\/","title":{"rendered":"Programa de capacitaci\u00f3n cl\u00ednica y desarrollo de pasantes"},"content":{"rendered":"<p>[et_pb_section fb_built=\u00bb1&#8243; _builder_version=\u00bb4.20.0&#8243; _module_preset=\u00bbdefault\u00bb background_image=\u00bbhttps:\/\/www.wellnestla.org\/wp-content\/uploads\/2023\/02\/Large-Light-Blue-Cloud-Background.jpg\u00bb locked=\u00bboff\u00bb global_colors_info=\u00bb{}\u00bb][et_pb_row _builder_version=\u00bb4.20.0&#8243; _module_preset=\u00bbdefault\u00bb custom_padding=\u00bb||0px||false|false\u00bb global_colors_info=\u00bb{}\u00bb][et_pb_column type=\u00bb4_4&#8243; _builder_version=\u00bb4.20.0&#8243; _module_preset=\u00bbdefault\u00bb global_colors_info=\u00bb{}\u00bb][et_pb_text _builder_version=\u00bb4.27.3&#8243; _dynamic_attributes=\u00bbcontent\u00bb _module_preset=\u00bbdefault\u00bb header_font=\u00bb||||||||\u00bb hover_enabled=\u00bb0&#8243; header_font_size_tablet=\u00bb55px\u00bb header_font_size_phone=\u00bb28px\u00bb header_font_size_last_edited=\u00bbon|phone\u00bb global_colors_info=\u00bb{}\u00bb header_text_color=\u00bb#666666&#8243; sticky_enabled=\u00bb0&#8243;]@ET-DC@eyJkeW5hbWljIjp0cnVlLCJjb250ZW50IjoicG9zdF90aXRsZSIsInNldHRpbmdzIjp7ImJlZm9yZSI6IjxoMT4iLCJhZnRlciI6IjwvaDE+IiwiZW5hYmxlX2h0bWwiOiJvZmYifX0=@[\/et_pb_text][\/et_pb_column][\/et_pb_row][et_pb_row _builder_version=\u00bb4.20.0&#8243; _module_preset=\u00bbdefault\u00bb custom_padding=\u00bb0px||||false|false\u00bb global_colors_info=\u00bb{}\u00bb][et_pb_column type=\u00bb4_4&#8243; _builder_version=\u00bb4.20.0&#8243; _module_preset=\u00bbdefault\u00bb global_colors_info=\u00bb{}\u00bb][dipl_breadcrumb breadcrumb_layout=\u00bblayout2&#8243; separator_type=\u00bbicon_separator\u00bb separator_icon=\u00bbE||divi||400&#8243; separator_color=\u00bb#FFFFFF\u00bb separator_size_tablet=\u00bb\u00bb separator_size_phone=\u00bb5px\u00bb separator_size_last_edited=\u00bbon|phone\u00bb _builder_version=\u00bb4.21.0&#8243; _module_preset=\u00bbdefault\u00bb global_text_settings_text_align=\u00bbright\u00bb global_text_settings_font_size=\u00bb13px\u00bb text_font=\u00bb|700|||||||\u00bb link_text_color=\u00bb#FFFFFF\u00bb background_color=\u00bbgcid-5d685373-0ca0-404e-b8bf-74d115c5b5ad\u00bb custom_margin=\u00bb1.5em||||false|false\u00bb custom_padding=\u00bb0.5em|0.65em|0.5em|1em|true|false\u00bb custom_padding_tablet=\u00bb0.5em|0.65em|0.5em|1em|true|false\u00bb custom_padding_phone=\u00bb0.1em|0.1em|0.1em|0.5em|true|false\u00bb custom_padding_last_edited=\u00bbon|phone\u00bb global_text_settings_font_size_tablet=\u00bb13px\u00bb global_text_settings_font_size_phone=\u00bb6px\u00bb global_text_settings_font_size_last_edited=\u00bbon|phone\u00bb custom_css_main_element=\u00bbdisplay: inline-block;\u00bb border_radii=\u00bbon|50px|50px|50px|50px\u00bb global_colors_info=\u00bb{%22gcid-5d685373-0ca0-404e-b8bf-74d115c5b5ad%22:%91%22background_color%22,%22background_color%22%93}\u00bb][\/dipl_breadcrumb][\/et_pb_column][\/et_pb_row][\/et_pb_section][et_pb_section fb_built=\u00bb1&#8243; _builder_version=\u00bb4.20.0&#8243; _module_preset=\u00bbdefault\u00bb background_color=\u00bbgcid-423faae7-2e04-40b4-9bb5-e270c6360f99&#8243; background_size=\u00bbcustom\u00bb custom_padding=\u00bb0px||0px||true|false\u00bb global_colors_info=\u00bb{%22gcid-423faae7-2e04-40b4-9bb5-e270c6360f99%22:%91%22background_color%22%93}\u00bb][et_pb_row column_structure=\u00bb1_2,1_2&#8243; use_custom_gutter=\u00bbon\u00bb gutter_width=\u00bb1&#8243; make_equal=\u00bbon\u00bb _builder_version=\u00bb4.21.0&#8243; _module_preset=\u00bbdefault\u00bb width=\u00bb100%\u00bb max_width=\u00bb100%\u00bb custom_padding=\u00bb0px||0px||false|false\u00bb global_colors_info=\u00bb{}\u00bb][et_pb_column type=\u00bb1_2&#8243; _builder_version=\u00bb4.20.0&#8243; _module_preset=\u00bbdefault\u00bb global_colors_info=\u00bb{}\u00bb][et_pb_text _builder_version=\u00bb4.20.0&#8243; _module_preset=\u00bbdefault\u00bb max_width=\u00bb600px\u00bb max_width_tablet=\u00bb80%\u00bb max_width_phone=\u00bb80%\u00bb max_width_last_edited=\u00bbon|tablet\u00bb module_alignment=\u00bbright\u00bb custom_padding=\u00bb6em|2em|6em||true|false\u00bb custom_padding_tablet=\u00bb5em|0px|5em|0px|true|false\u00bb custom_padding_phone=\u00bb3em||3em||true|false\u00bb custom_padding_last_edited=\u00bbon|phone\u00bb module_alignment_tablet=\u00bbcenter\u00bb module_alignment_phone=\u00bbcenter\u00bb module_alignment_last_edited=\u00bbon|tablet\u00bb global_colors_info=\u00bb{}\u00bb]<\/p>\n<div class=\"fusion-text fusion-text-1\">\n<p>El Programa de Formaci\u00f3n Cl\u00ednica y Desarrollo de Pasantes est\u00e1 dise\u00f1ado para estudiantes de maestr\u00eda que cursan estudios de trabajo social. Nuestro objetivo es brindar una formaci\u00f3n integral en un entorno de aprendizaje propicio.  <\/p>\n<\/div>\n<p>[\/et_pb_text][\/et_pb_column][et_pb_column type=\u00bb1_2&#8243; _builder_version=\u00bb4.21.0&#8243; _module_preset=\u00bbdefault\u00bb background_image=\u00bbhttps:\/\/www.wellnestla.org\/wp-content\/uploads\/2023\/04\/Intern-Photo.jpg\u00bb background_position=\u00bbbottom_center\u00bb custom_padding=\u00bb0px||0px||true|false\u00bb custom_padding_tablet=\u00bb200px||200px||true|false\u00bb custom_padding_phone=\u00bb10px||10px||true|false\u00bb custom_padding_last_edited=\u00bbon|phone\u00bb global_colors_info=\u00bb{}\u00bb][et_pb_divider show_divider=\u00bboff\u00bb _builder_version=\u00bb4.21.0&#8243; _module_preset=\u00bbdefault\u00bb custom_padding=\u00bb200px||200px||true|false\u00bb custom_padding_tablet=\u00bb200px||200px||true|false\u00bb custom_padding_phone=\u00bb100px||100px||true|false\u00bb custom_padding_last_edited=\u00bbon|phone\u00bb locked=\u00bboff\u00bb global_colors_info=\u00bb{}\u00bb][\/et_pb_divider][\/et_pb_column][\/et_pb_row][\/et_pb_section][et_pb_section fb_built=\u00bb1&#8243; _builder_version=\u00bb4.20.0&#8243; _module_preset=\u00bbdefault\u00bb global_colors_info=\u00bb{}\u00bb][et_pb_row _builder_version=\u00bb4.20.0&#8243; _module_preset=\u00bbdefault\u00bb global_colors_info=\u00bb{}\u00bb][et_pb_column type=\u00bb4_4&#8243; _builder_version=\u00bb4.20.0&#8243; _module_preset=\u00bbdefault\u00bb global_colors_info=\u00bb{}\u00bb][et_pb_text _builder_version=\u00bb4.20.0&#8243; _module_preset=\u00bbdefault\u00bb global_colors_info=\u00bb{}\u00bb]<\/p>\n<p>Nuestro objetivo es formar terapeutas integrales y capacitados, capaces de trabajar con una poblaci\u00f3n diversa en diversos entornos de salud mental. Los internos\/en formaci\u00f3n reciben un programa de mejores pr\u00e1cticas con \u00e9nfasis en la interacci\u00f3n con el cliente, adaptada a las necesidades culturales, que incluye habilidades de evaluaci\u00f3n, diagn\u00f3stico y tratamiento. Las modalidades de tratamiento que utilizan los internos\/en formaci\u00f3n son las siguientes: psicoterapia individual, familiar y grupal. Todas nuestras pr\u00e1cticas en materia de documentaci\u00f3n se alinean con la Junta de Ciencias del Comportamiento, la Asociaci\u00f3n Nacional de Trabajadores Sociales y las directrices \u00e9ticas y legales. Ofrecemos supervisi\u00f3n individual y grupal. Actualmente colaboramos con la Universidad de California en Los \u00c1ngeles; la Universidad del Sur de California; la Universidad Estatal de California en Dominguez Hills; la Universidad Azusa Pacific; el Cambridge College y la Universidad de Columbia.     <\/p>\n<p>[\/et_pb_text][\/et_pb_column][\/et_pb_row][\/et_pb_section][et_pb_section fb_built=\u00bb1&#8243; _builder_version=\u00bb4.20.0&#8243; _module_preset=\u00bbdefault\u00bb background_color=\u00bbgcid-58e6faf9-3193-49b7-ac5b-0e4857d6e16a\u00bb background_size=\u00bbcustom\u00bb custom_padding=\u00bb0px||0px||true|false\u00bb global_colors_info=\u00bb{%22gcid-58e6faf9-3193-49b7-ac5b-0e4857d6e16a%22:%91%22background_color%22%93}\u00bb][et_pb_row column_structure=\u00bb1_2,1_2&#8243; use_custom_gutter=\u00bbon\u00bb gutter_width=\u00bb1&#8243; make_equal=\u00bbon\u00bb _builder_version=\u00bb4.21.0&#8243; _module_preset=\u00bbdefault\u00bb width=\u00bb100%\u00bb max_width=\u00bb100%\u00bb min_height=\u00bb450px\u00bb custom_padding=\u00bb0px||0px||false|false\u00bb global_colors_info=\u00bb{}\u00bb][et_pb_column type=\u00bb1_2&#8243; _builder_version=\u00bb4.21.0&#8243; _module_preset=\u00bbdefault\u00bb background_image=\u00bbhttps:\/\/www.wellnestla.org\/wp-content\/uploads\/2023\/03\/Female-employee-reading-to-two-kids.jpg\u00bb background_position=\u00bbtop_center\u00bb custom_padding_tablet=\u00bb200px||200px||true|false\u00bb custom_padding_phone=\u00bb10px||10px||true|false\u00bb custom_padding_last_edited=\u00bbon|phone\u00bb global_colors_info=\u00bb{}\u00bb][et_pb_divider show_divider=\u00bboff\u00bb _builder_version=\u00bb4.21.0&#8243; _module_preset=\u00bbdefault\u00bb custom_padding=\u00bb100px||100px||true|false\u00bb global_colors_info=\u00bb{}\u00bb][\/et_pb_divider][\/et_pb_column][et_pb_column type=\u00bb1_2&#8243; _builder_version=\u00bb4.20.0&#8243; _module_preset=\u00bbdefault\u00bb global_colors_info=\u00bb{}\u00bb][et_pb_blurb use_icon=\u00bbon\u00bb font_icon=\u00bb&#x7b;||divi||400&#8243; icon_color=\u00bb#FFFFFF\u00bb icon_placement=\u00bbleft\u00bb image_icon_width=\u00bb90px\u00bb icon_placement_tablet=\u00bbleft\u00bb icon_placement_phone=\u00bbtop\u00bb icon_placement_last_edited=\u00bbon|phone\u00bb content_max_width_tablet=\u00bb80%\u00bb content_max_width_phone=\u00bb80%\u00bb content_max_width_last_edited=\u00bbon|tablet\u00bb module_class=\u00bbservice-testimonial \u00bb _builder_version=\u00bb4.20.0&#8243; _module_preset=\u00bbdefault\u00bb header_font=\u00bb|700|||||||\u00bb header_font_size=\u00bb16px\u00bb header_line_height=\u00bb1.5em\u00bb body_text_color=\u00bbgcid-739633b0-3e68-49b2-889e-cc658ea95127&#8243; body_font_size=\u00bb16px\u00bb body_line_height=\u00bb1.5em\u00bb custom_padding=\u00bb9em|||2em|false|false\u00bb custom_padding_tablet=\u00bb4em||4em|0em|false|false\u00bb custom_padding_phone=\u00bb||4em|4em|false|false\u00bb custom_padding_last_edited=\u00bbon|tablet\u00bb custom_css_main_element=\u00bbfloat: left;\u00bb global_colors_info=\u00bb{%22gcid-739633b0-3e68-49b2-889e-cc658ea95127%22:%91%22body_text_color%22,%22body_text_color%22%93}\u00bb]<\/p>\n<p><strong>Wellnest me proporcion\u00f3 las herramientas cl\u00ednicas y de defensa necesarias para trabajar con poblaciones diversas. Seguir\u00e9 utiliz\u00e1ndolas a lo largo de mi carrera para seguir apoyando y defendiendo a las personas, familias y comunidades. \u00a1Agradezco la inversi\u00f3n de Wellnest en futuros trabajadores sociales!  <\/strong><\/p>\n<p>Carlos<\/p>\n<p>[\/et_pb_blurb][\/et_pb_column][\/et_pb_row][\/et_pb_section]<\/p>\n","protected":false},"excerpt":{"rendered":"<p>\u00danete a los programas de pr\u00e1cticas cl\u00ednicas del Centro de Bienestar. Obt\u00e9n formaci\u00f3n avanzada para terapeutas ocupacionales y auxiliares de investigaci\u00f3n cl\u00ednica. Impulsa tu carrera con nosotros.  <\/p>\n","protected":false},"author":2,"featured_media":0,"parent":6021,"menu_order":0,"comment_status":"closed","ping_status":"closed","template":"","meta":{"_et_pb_use_builder":"on","_et_pb_old_content":"","_et_gb_content_width":"","inline_featured_image":false,"_monsterinsights_skip_tracking":false,"_monsterinsights_sitenote_active":false,"_monsterinsights_sitenote_note":"","_monsterinsights_sitenote_category":0,"footnotes":""},"class_list":["post-6347","page","type-page","status-publish","hentry"],"_links":{"self":[{"href":"https:\/\/www.wellnestla.org\/es\/wp-json\/wp\/v2\/pages\/6347","targetHints":{"allow":["GET"]}}],"collection":[{"href":"https:\/\/www.wellnestla.org\/es\/wp-json\/wp\/v2\/pages"}],"about":[{"href":"https:\/\/www.wellnestla.org\/es\/wp-json\/wp\/v2\/types\/page"}],"author":[{"embeddable":true,"href":"https:\/\/www.wellnestla.org\/es\/wp-json\/wp\/v2\/users\/2"}],"replies":[{"embeddable":true,"href":"https:\/\/www.wellnestla.org\/es\/wp-json\/wp\/v2\/comments?post=6347"}],"version-history":[{"count":2,"href":"https:\/\/www.wellnestla.org\/es\/wp-json\/wp\/v2\/pages\/6347\/revisions"}],"predecessor-version":[{"id":6349,"href":"https:\/\/www.wellnestla.org\/es\/wp-json\/wp\/v2\/pages\/6347\/revisions\/6349"}],"up":[{"embeddable":true,"href":"https:\/\/www.wellnestla.org\/es\/wp-json\/wp\/v2\/pages\/6021"}],"wp:attachment":[{"href":"https:\/\/www.wellnestla.org\/es\/wp-json\/wp\/v2\/media?parent=6347"}],"curies":[{"name":"wp","href":"https:\/\/api.w.org\/{rel}","templated":true}]}}