{"id":6350,"date":"2023-02-23T01:47:13","date_gmt":"2023-02-23T01:47:13","guid":{"rendered":"https:\/\/www.wellnestla.org\/nuestros-servicios\/intervencion-temprana-y-bienestar-comunitario\/"},"modified":"2025-07-29T19:44:16","modified_gmt":"2025-07-29T19:44:16","slug":"intervencion-temprana-y-bienestar-comunitario","status":"publish","type":"page","link":"https:\/\/www.wellnestla.org\/es\/nuestros-servicios\/intervencion-temprana-y-bienestar-comunitario\/","title":{"rendered":"Intervenci\u00f3n Temprana y Bienestar Comunitario"},"content":{"rendered":"<p>[et_pb_section fb_built=\u00bb1&#8243; _builder_version=\u00bb4.20.0&#8243; _module_preset=\u00bbdefault\u00bb background_image=\u00bbhttps:\/\/www.wellnestla.org\/wp-content\/uploads\/2023\/02\/Large-Light-Blue-Cloud-Background.jpg\u00bb locked=\u00bboff\u00bb global_colors_info=\u00bb{}\u00bb][et_pb_row _builder_version=\u00bb4.20.0&#8243; _module_preset=\u00bbdefault\u00bb custom_padding=\u00bb||0px||false|false\u00bb global_colors_info=\u00bb{}\u00bb][et_pb_column type=\u00bb4_4&#8243; _builder_version=\u00bb4.20.0&#8243; _module_preset=\u00bbdefault\u00bb global_colors_info=\u00bb{}\u00bb][et_pb_text _builder_version=\u00bb4.27.3&#8243; _dynamic_attributes=\u00bbcontent\u00bb _module_preset=\u00bbdefault\u00bb header_font=\u00bb||||||||\u00bb header_text_color=\u00bb#666666&#8243; header_font_size_tablet=\u00bb55px\u00bb header_font_size_phone=\u00bb35px\u00bb header_font_size_last_edited=\u00bbon|phone\u00bb global_colors_info=\u00bb{}\u00bb]@ET-DC@eyJkeW5hbWljIjp0cnVlLCJjb250ZW50IjoicG9zdF90aXRsZSIsInNldHRpbmdzIjp7ImJlZm9yZSI6IjxoMT4iLCJhZnRlciI6IjwvaDE+IiwiZW5hYmxlX2h0bWwiOiJvZmYifX0=@[\/et_pb_text][\/et_pb_column][\/et_pb_row][et_pb_row _builder_version=\u00bb4.20.0&#8243; _module_preset=\u00bbdefault\u00bb custom_padding=\u00bb0px||||false|false\u00bb global_colors_info=\u00bb{}\u00bb][et_pb_column type=\u00bb4_4&#8243; _builder_version=\u00bb4.20.0&#8243; _module_preset=\u00bbdefault\u00bb global_colors_info=\u00bb{}\u00bb][dipl_breadcrumb breadcrumb_layout=\u00bblayout2&#8243; separator_type=\u00bbicon_separator\u00bb separator_icon=\u00bbE||divi||400&#8243; separator_color=\u00bb#FFFFFF\u00bb separator_size_tablet=\u00bb\u00bb separator_size_phone=\u00bb6px\u00bb separator_size_last_edited=\u00bbon|phone\u00bb _builder_version=\u00bb4.21.0&#8243; _module_preset=\u00bbdefault\u00bb global_text_settings_text_align=\u00bbright\u00bb global_text_settings_font_size=\u00bb13px\u00bb text_font=\u00bb|700|||||||\u00bb link_text_color=\u00bb#FFFFFF\u00bb background_color=\u00bbgcid-5d685373-0ca0-404e-b8bf-74d115c5b5ad\u00bb custom_margin=\u00bb1.5em||||false|false\u00bb custom_padding=\u00bb0.5em|0.65em|0.5em|1em|true|false\u00bb custom_padding_tablet=\u00bb0.5em|0.65em|0.5em|1em|true|false\u00bb custom_padding_phone=\u00bb0.1em|0.65em|0.1em|1em|true|false\u00bb custom_padding_last_edited=\u00bbon|phone\u00bb global_text_settings_font_size_tablet=\u00bb13px\u00bb global_text_settings_font_size_phone=\u00bb6px\u00bb global_text_settings_font_size_last_edited=\u00bbon|phone\u00bb custom_css_main_element=\u00bbdisplay: inline-block;\u00bb border_radii=\u00bbon|50px|50px|50px|50px\u00bb global_colors_info=\u00bb{%22gcid-5d685373-0ca0-404e-b8bf-74d115c5b5ad%22:%91%22background_color%22,%22background_color%22%93}\u00bb][\/dipl_breadcrumb][\/et_pb_column][\/et_pb_row][\/et_pb_section][et_pb_section fb_built=\u00bb1&#8243; _builder_version=\u00bb4.20.0&#8243; _module_preset=\u00bbdefault\u00bb background_color=\u00bbgcid-423faae7-2e04-40b4-9bb5-e270c6360f99&#8243; background_size=\u00bbcustom\u00bb custom_padding=\u00bb0px||0px||true|false\u00bb global_colors_info=\u00bb{%22gcid-423faae7-2e04-40b4-9bb5-e270c6360f99%22:%91%22background_color%22%93}\u00bb][et_pb_row column_structure=\u00bb1_2,1_2&#8243; use_custom_gutter=\u00bbon\u00bb gutter_width=\u00bb1&#8243; make_equal=\u00bbon\u00bb _builder_version=\u00bb4.21.0&#8243; _module_preset=\u00bbdefault\u00bb width=\u00bb100%\u00bb max_width=\u00bb100%\u00bb custom_padding=\u00bb0px||0px||false|false\u00bb global_colors_info=\u00bb{}\u00bb][et_pb_column type=\u00bb1_2&#8243; _builder_version=\u00bb4.20.0&#8243; _module_preset=\u00bbdefault\u00bb global_colors_info=\u00bb{}\u00bb][et_pb_text _builder_version=\u00bb4.20.0&#8243; _module_preset=\u00bbdefault\u00bb max_width=\u00bb600px\u00bb max_width_tablet=\u00bb80%\u00bb max_width_phone=\u00bb80%\u00bb max_width_last_edited=\u00bbon|tablet\u00bb module_alignment=\u00bbright\u00bb custom_padding=\u00bb6em|2em|6em||true|false\u00bb custom_padding_tablet=\u00bb5em|0px|5em|0px|true|false\u00bb custom_padding_phone=\u00bb3em||3em||true|false\u00bb custom_padding_last_edited=\u00bbon|phone\u00bb module_alignment_tablet=\u00bbcenter\u00bb module_alignment_phone=\u00bbcenter\u00bb module_alignment_last_edited=\u00bbon|tablet\u00bb global_colors_info=\u00bb{}\u00bb]<\/p>\n<div class=\"fusion-text fusion-text-1\">\n<p>Intervenir en las primeras etapas de la vida de un ni\u00f1o puede fortalecer su resiliencia y confianza, a la vez que ayuda a prevenir futuros problemas de conducta. Igualmente importante, puede ayudar a los padres a formar v\u00ednculos saludables con sus hijos. Para esos a\u00f1os cruciales de 0 a 5 a\u00f1os, Wellnest interviene con terapia y servicios en las aulas, el hogar y en nuestras instalaciones.  <\/p>\n<\/div>\n<p>[\/et_pb_text][\/et_pb_column][et_pb_column type=\u00bb1_2&#8243; _builder_version=\u00bb4.21.0&#8243; _module_preset=\u00bbdefault\u00bb background_image=\u00bbhttps:\/\/www.wellnestla.org\/wp-content\/uploads\/2023\/03\/Young-infant-playing-with-toys.jpg\u00bb background_position=\u00bbcenter_right\u00bb custom_padding_tablet=\u00bb200px||200px||true|false\u00bb custom_padding_phone=\u00bb10px||10px||true|false\u00bb custom_padding_last_edited=\u00bbon|phone\u00bb global_colors_info=\u00bb{}\u00bb][et_pb_divider show_divider=\u00bboff\u00bb _builder_version=\u00bb4.21.0&#8243; _module_preset=\u00bbdefault\u00bb custom_padding=\u00bb200px||200px||true|false\u00bb custom_padding_tablet=\u00bb200px||200px||true|false\u00bb custom_padding_phone=\u00bb100px||100px||true|false\u00bb custom_padding_last_edited=\u00bbon|phone\u00bb locked=\u00bboff\u00bb global_colors_info=\u00bb{}\u00bb][\/et_pb_divider][\/et_pb_column][\/et_pb_row][\/et_pb_section][et_pb_section fb_built=\u00bb1&#8243; _builder_version=\u00bb4.20.0&#8243; _module_preset=\u00bbdefault\u00bb global_colors_info=\u00bb{}\u00bb][et_pb_row column_structure=\u00bb1_2,1_2&#8243; _builder_version=\u00bb4.20.0&#8243; _module_preset=\u00bbdefault\u00bb global_colors_info=\u00bb{}\u00bb][et_pb_column type=\u00bb1_2&#8243; _builder_version=\u00bb4.20.0&#8243; _module_preset=\u00bbdefault\u00bb global_colors_info=\u00bb{}\u00bb][et_pb_text _builder_version=\u00bb4.20.0&#8243; _module_preset=\u00bbdefault\u00bb header_3_line_height=\u00bb1.4em\u00bb global_colors_info=\u00bb{}\u00bb]<\/p>\n<h3><span style=\"color: #666666;\">Tratamiento Intensivo de D\u00eda<\/span><\/h3>\n<p>Este entorno terap\u00e9utico ayuda a ni\u00f1os de 2 a 5 a\u00f1os que enfrentan desaf\u00edos como la agresi\u00f3n, las rabietas, la hiperactividad y la impulsividad, as\u00ed como dificultades para controlar sus comportamientos o emociones en la guarder\u00eda o la escuela. Un entorno estructurado ofrece m\u00fasica, movimiento, arte y juegos para fomentar la autoexpresi\u00f3n y reducir los comportamientos problem\u00e1ticos. La participaci\u00f3n de padres y cuidadores en terapia familiar y grupos de apoyo es fundamental para el proceso de sanaci\u00f3n.  <\/p>\n<p>[\/et_pb_text][\/et_pb_column][et_pb_column type=\u00bb1_2&#8243; _builder_version=\u00bb4.20.0&#8243; _module_preset=\u00bbdefault\u00bb global_colors_info=\u00bb{}\u00bb][et_pb_text _builder_version=\u00bb4.20.0&#8243; _module_preset=\u00bbdefault\u00bb header_3_line_height=\u00bb1.4em\u00bb global_colors_info=\u00bb{}\u00bb]<\/p>\n<h3><span style=\"color: #666666;\">Servicios Ambulatorios de Intervenci\u00f3n Temprana<\/span><\/h3>\n<p>En el Programa Ambulatorio de Intervenci\u00f3n Temprana, trabajamos para apoyar y fortalecer la relaci\u00f3n entre el ni\u00f1o y su cuidador, a la vez que les ayudamos a desarrollar habilidades para el manejo de conductas. Muchas familias a las que atendemos enfrentan problemas como separaci\u00f3n, p\u00e9rdidas, dificultades escolares, dificultades en las relaciones, estr\u00e9s o eventos traum\u00e1ticos. Los ni\u00f1os que atendemos pueden presentar hiperactividad, falta de atenci\u00f3n, dificultad para seguir instrucciones, rabietas, depresi\u00f3n o ansiedad. Las sesiones incorporan el juego y el arte para adaptarse a la edad de desarrollo del ni\u00f1o y crear un espacio donde pueda explorar y expresar sus sentimientos subyacentes. Los servicios de gesti\u00f3n de casos apoyan a las familias para acceder a recursos comunitarios como cuidado infantil, actividades recreativas y m\u00e1s.    <\/p>\n<p>[\/et_pb_text][\/et_pb_column][\/et_pb_row][et_pb_row column_structure=\u00bb1_2,1_2&#8243; _builder_version=\u00bb4.20.0&#8243; _module_preset=\u00bbdefault\u00bb global_colors_info=\u00bb{}\u00bb][et_pb_column type=\u00bb1_2&#8243; _builder_version=\u00bb4.20.0&#8243; _module_preset=\u00bbdefault\u00bb global_colors_info=\u00bb{}\u00bb][et_pb_text _builder_version=\u00bb4.20.0&#8243; _module_preset=\u00bbdefault\u00bb header_3_line_height=\u00bb1.4em\u00bb global_colors_info=\u00bb{}\u00bb]<\/p>\n<h3><span style=\"color: #666666;\">Centro de Recursos Familiares<\/span><\/h3>\n<p>El Centro de Recursos Familiares gratuito de Wellnest ofrece servicios de atenci\u00f3n sin cita previa y apoyo personalizado a personas y familias. Los visitantes tienen acceso a art\u00edculos b\u00e1sicos para ni\u00f1os, como ropa, zapatos, productos de higiene y pa\u00f1ales. Tambi\u00e9n se ofrecen talleres sobre masaje infantil, presupuestos y otros temas \u00fatiles. El Centro conecta a sus usuarios con recursos de cuidado infantil, empleo, bancos de alimentos, recreaci\u00f3n y otros tipos de apoyo. Siga a Wellnest en redes sociales para enterarse de los pr\u00f3ximos talleres.    <\/p>\n<p>[\/et_pb_text][\/et_pb_column][et_pb_column type=\u00bb1_2&#8243; _builder_version=\u00bb4.20.0&#8243; _module_preset=\u00bbdefault\u00bb global_colors_info=\u00bb{}\u00bb][et_pb_video src=\u00bbhttps:\/\/vimeo.com\/795676132&#8243; _builder_version=\u00bb4.20.0&#8243; _module_preset=\u00bbdefault\u00bb global_colors_info=\u00bb{}\u00bb][\/et_pb_video][\/et_pb_column][\/et_pb_row][et_pb_row column_structure=\u00bb1_2,1_2&#8243; _builder_version=\u00bb4.20.0&#8243; _module_preset=\u00bbdefault\u00bb global_colors_info=\u00bb{}\u00bb][et_pb_column type=\u00bb1_2&#8243; _builder_version=\u00bb4.20.0&#8243; _module_preset=\u00bbdefault\u00bb global_colors_info=\u00bb{}\u00bb][et_pb_text _builder_version=\u00bb4.27.3&#8243; _module_preset=\u00bbdefault\u00bb header_3_line_height=\u00bb1.4em\u00bb global_colors_info=\u00bb{}\u00bb]<\/p>\n<h3><span style=\"color: #666666;\">Familias Saludables Am\u00e9rica<\/span><\/h3>\n<p>El programa de visitas domiciliarias de Healthy Families America se basa en la convicci\u00f3n de que las relaciones tempranas y enriquecedoras pueden inculcar en el ni\u00f1o un desarrollo saludable para toda la vida. Nuestro programa gratuito y acreditado atiende a familias en etapa prenatal y con ni\u00f1os desde reci\u00e9n nacidos hasta los cinco a\u00f1os en el sur de Los \u00c1ngeles y el \u00e1rea metropolitana de Los \u00c1ngeles. Los visitadores domiciliarios capacitados de Wellnest involucran a las familias en actividades para padres e hijos, las educan sobre el desarrollo saludable y las derivan a servicios comunitarios. Los servicios tambi\u00e9n incluyen masajes infantiles y apoyo para la lactancia.   <\/p>\n<p>[\/et_pb_text][et_pb_image src=\u00bbhttps:\/\/www.wellnestla.org\/wp-content\/uploads\/2023\/02\/Healthy-Familes-America.png\u00bb alt=\u00bbFamilias Saludables Am\u00e9rica\u00bb title_text=\u00bbFamilias Saludables Am\u00e9rica\u00bb _builder_version=\u00bb4.20.0&#8243; _module_preset=\u00bbdefault\u00bb global_colors_info=\u00bb{}\u00bb][\/et_pb_image][\/et_pb_column][et_pb_column type=\u00bb1_2&#8243; _builder_version=\u00bb4.20.0&#8243; _module_preset=\u00bbdefault\u00bb global_colors_info=\u00bb{}\u00bb][et_pb_text _builder_version=\u00bb4.27.3&#8243; _module_preset=\u00bbdefault\u00bb header_3_line_height=\u00bb1.4em\u00bb global_colors_info=\u00bb{}\u00bb]<\/p>\n<h3><span style=\"color: #666666;\">Equipo de Evaluaci\u00f3n Multidisciplinario<\/span><\/h3>\n<p>Nuestro Equipo de Evaluaci\u00f3n Multidisciplinaria (MAT) colabora con el Departamento de Servicios para Ni\u00f1os y Familias del Condado de Los \u00c1ngeles y el Departamento de Salud Mental. Las evaluaciones MAT brindan informaci\u00f3n sobre la salud mental, las necesidades de desarrollo y las preocupaciones m\u00e9dicas de los ni\u00f1os que ingresan al sistema de acogida, as\u00ed como sobre la capacidad de cada posible cuidador para brindar una atenci\u00f3n \u00f3ptima. El objetivo es reducir la probabilidad de m\u00faltiples colocaciones fuera del hogar de los ni\u00f1os. Adem\u00e1s, ayuda a las familias a acceder a recursos comunitarios como cuidado infantil, actividades recreativas y m\u00e1s.   <\/p>\n<p>[\/et_pb_text][\/et_pb_column][\/et_pb_row][\/et_pb_section][et_pb_section fb_built=\u00bb1&#8243; _builder_version=\u00bb4.20.0&#8243; _module_preset=\u00bbdefault\u00bb background_color=\u00bbgcid-58e6faf9-3193-49b7-ac5b-0e4857d6e16a\u00bb background_size=\u00bbcustom\u00bb custom_padding=\u00bb0px||0px||true|false\u00bb global_colors_info=\u00bb{%22gcid-58e6faf9-3193-49b7-ac5b-0e4857d6e16a%22:%91%22background_color%22%93}\u00bb][et_pb_row column_structure=\u00bb1_2,1_2&#8243; use_custom_gutter=\u00bbon\u00bb gutter_width=\u00bb1&#8243; make_equal=\u00bbon\u00bb _builder_version=\u00bb4.21.0&#8243; _module_preset=\u00bbdefault\u00bb width=\u00bb100%\u00bb max_width=\u00bb100%\u00bb min_height=\u00bb450px\u00bb custom_padding=\u00bb0px||0px||false|false\u00bb global_colors_info=\u00bb{}\u00bb][et_pb_column type=\u00bb1_2&#8243; _builder_version=\u00bb4.21.0&#8243; _module_preset=\u00bbdefault\u00bb background_image=\u00bbhttps:\/\/www.wellnestla.org\/wp-content\/uploads\/2023\/03\/Mother-with-three-kids-smiling-outside-on-a-bench.jpg\u00bb background_position=\u00bbcenter_right\u00bb custom_padding_tablet=\u00bb200px||200px||true|false\u00bb custom_padding_phone=\u00bb10px||10px||true|false\u00bb custom_padding_last_edited=\u00bbon|phone\u00bb global_colors_info=\u00bb{}\u00bb][et_pb_divider show_divider=\u00bboff\u00bb _builder_version=\u00bb4.21.0&#8243; _module_preset=\u00bbdefault\u00bb custom_padding=\u00bb100px||100px||true|false\u00bb global_colors_info=\u00bb{}\u00bb][\/et_pb_divider][\/et_pb_column][et_pb_column type=\u00bb1_2&#8243; _builder_version=\u00bb4.20.0&#8243; _module_preset=\u00bbdefault\u00bb global_colors_info=\u00bb{}\u00bb][et_pb_blurb use_icon=\u00bbon\u00bb font_icon=\u00bb&#x7b;||divi||400&#8243; icon_color=\u00bb#FFFFFF\u00bb icon_placement=\u00bbleft\u00bb image_icon_width=\u00bb90px\u00bb icon_placement_tablet=\u00bbleft\u00bb icon_placement_phone=\u00bbtop\u00bb icon_placement_last_edited=\u00bbon|phone\u00bb content_max_width_tablet=\u00bb80%\u00bb content_max_width_phone=\u00bb80%\u00bb content_max_width_last_edited=\u00bbon|tablet\u00bb module_class=\u00bbservice-testimonial \u00bb _builder_version=\u00bb4.20.0&#8243; _module_preset=\u00bbdefault\u00bb header_font=\u00bb|700|||||||\u00bb header_font_size=\u00bb16px\u00bb header_line_height=\u00bb1.5em\u00bb body_text_color=\u00bbgcid-739633b0-3e68-49b2-889e-cc658ea95127&#8243; body_font_size=\u00bb16px\u00bb body_line_height=\u00bb1.5em\u00bb custom_padding=\u00bb9em|||2em|false|false\u00bb custom_padding_tablet=\u00bb4em||4em|0em|false|false\u00bb custom_padding_phone=\u00bb||4em|4em|false|false\u00bb custom_padding_last_edited=\u00bbon|tablet\u00bb custom_css_main_element=\u00bbfloat: left;\u00bb global_colors_info=\u00bb{%22gcid-739633b0-3e68-49b2-889e-cc658ea95127%22:%91%22body_text_color%22,%22body_text_color%22%93}\u00bb]<\/p>\n<p><strong>Cuando tengo problemas con mi hijo, el terapeuta siempre est\u00e1 disponible para ayudarme.<\/strong><\/p>\n<p>&#8211; Angelo<\/p>\n<p>[\/et_pb_blurb][\/et_pb_column][\/et_pb_row][\/et_pb_section]<\/p>\n","protected":false},"excerpt":{"rendered":"<p>Explore los programas de intervenci\u00f3n temprana del Centro de Bienestar. Nuestros programas de maestr\u00eda, certificados por el estado de Nueva York, le brindan las habilidades necesarias para apoyar el desarrollo de los ni\u00f1os peque\u00f1os. <\/p>\n","protected":false},"author":2,"featured_media":0,"parent":6021,"menu_order":0,"comment_status":"closed","ping_status":"closed","template":"","meta":{"_et_pb_use_builder":"on","_et_pb_old_content":"","_et_gb_content_width":"","inline_featured_image":false,"_monsterinsights_skip_tracking":false,"_monsterinsights_sitenote_active":false,"_monsterinsights_sitenote_note":"","_monsterinsights_sitenote_category":0,"footnotes":""},"class_list":["post-6350","page","type-page","status-publish","hentry"],"_links":{"self":[{"href":"https:\/\/www.wellnestla.org\/es\/wp-json\/wp\/v2\/pages\/6350","targetHints":{"allow":["GET"]}}],"collection":[{"href":"https:\/\/www.wellnestla.org\/es\/wp-json\/wp\/v2\/pages"}],"about":[{"href":"https:\/\/www.wellnestla.org\/es\/wp-json\/wp\/v2\/types\/page"}],"author":[{"embeddable":true,"href":"https:\/\/www.wellnestla.org\/es\/wp-json\/wp\/v2\/users\/2"}],"replies":[{"embeddable":true,"href":"https:\/\/www.wellnestla.org\/es\/wp-json\/wp\/v2\/comments?post=6350"}],"version-history":[{"count":2,"href":"https:\/\/www.wellnestla.org\/es\/wp-json\/wp\/v2\/pages\/6350\/revisions"}],"predecessor-version":[{"id":6352,"href":"https:\/\/www.wellnestla.org\/es\/wp-json\/wp\/v2\/pages\/6350\/revisions\/6352"}],"up":[{"embeddable":true,"href":"https:\/\/www.wellnestla.org\/es\/wp-json\/wp\/v2\/pages\/6021"}],"wp:attachment":[{"href":"https:\/\/www.wellnestla.org\/es\/wp-json\/wp\/v2\/media?parent=6350"}],"curies":[{"name":"wp","href":"https:\/\/api.w.org\/{rel}","templated":true}]}}