{"id":6972,"date":"2025-11-19T22:11:52","date_gmt":"2025-11-19T22:11:52","guid":{"rendered":"https:\/\/www.wellnestla.org\/acerca-de\/liderazgo\/ask-an-expert-betty-mendoza\/"},"modified":"2025-11-20T19:26:23","modified_gmt":"2025-11-20T19:26:23","slug":"ask-an-expert-betty-mendoza","status":"publish","type":"page","link":"https:\/\/www.wellnestla.org\/es\/acerca-de\/liderazgo\/ask-an-expert-betty-mendoza\/","title":{"rendered":"Ask an Expert: Betty Mendoza"},"content":{"rendered":"<p>[et_pb_section fb_built=\u00bb1&#8243; _builder_version=\u00bb4.20.0&#8243; _module_preset=\u00bbdefault\u00bb global_colors_info=\u00bb{}\u00bb][et_pb_row column_structure=\u00bb2_5,3_5&#8243; _builder_version=\u00bb4.20.0&#8243; _module_preset=\u00bbdefault\u00bb background_color=\u00bbgcid-423faae7-2e04-40b4-9bb5-e270c6360f99&#8243; custom_padding=\u00bb0px||0px||false|false\u00bb global_colors_info=\u00bb{%22gcid-423faae7-2e04-40b4-9bb5-e270c6360f99%22:%91%22background_color%22%93}\u00bb][et_pb_column type=\u00bb2_5&#8243; _builder_version=\u00bb4.20.0&#8243; _module_preset=\u00bbdefault\u00bb global_colors_info=\u00bb{}\u00bb][et_pb_image src=\u00bbhttps:\/\/www.wellnestla.org\/wp-content\/uploads\/2025\/11\/IMG_5438-scaled-e1762975316896.jpg\u00bb alt=\u00bbCharlene Dimas-Peinado\u00bb title_text=\u00bbIMG_5438&#8243; force_fullwidth=\u00bbon\u00bb _builder_version=\u00bb4.27.4&#8243; _module_preset=\u00bbdefault\u00bb global_colors_info=\u00bb{}\u00bb][\/et_pb_image][\/et_pb_column][et_pb_column type=\u00bb3_5&#8243; _builder_version=\u00bb4.20.0&#8243; _module_preset=\u00bbdefault\u00bb custom_padding=\u00bb60px||||false|false\u00bb custom_padding_tablet=\u00bb20px|20px|30px|20px|false|false\u00bb custom_padding_phone=\u00bb20px|20px|30px|20px|false|false\u00bb custom_padding_last_edited=\u00bbon|phone\u00bb global_colors_info=\u00bb{}\u00bb][dipl_breadcrumb breadcrumb_layout=\u00bblayout2&#8243; separator_type=\u00bbicon_separator\u00bb separator_icon=\u00bb&#xf0da;||fa||900&#8243; separator_size=\u00bb13px\u00bb separator_color=\u00bbgcid-5d685373-0ca0-404e-b8bf-74d115c5b5ad\u00bb separator_size_tablet=\u00bb13px\u00bb separator_size_phone=\u00bb8px\u00bb separator_size_last_edited=\u00bbon|phone\u00bb _builder_version=\u00bb4.20.0&#8243; _module_preset=\u00bbdefault\u00bb global_text_settings_font_size=\u00bb13px\u00bb text_font=\u00bb|700|||||||\u00bb global_text_settings_font_size_tablet=\u00bb13px\u00bb global_text_settings_font_size_phone=\u00bb8px\u00bb global_text_settings_font_size_last_edited=\u00bbon|phone\u00bb global_colors_info=\u00bb{%22gcid-5d685373-0ca0-404e-b8bf-74d115c5b5ad%22:%91%22separator_color%22,%22separator_color%22%93}\u00bb][\/dipl_breadcrumb][et_pb_text _builder_version=\u00bb4.27.4&#8243; _module_preset=\u00bbdefault\u00bb text_text_color=\u00bb#666666&#8243; header_font=\u00bb|700|||||||\u00bb header_text_color=\u00bb#666666&#8243; header_font_size=\u00bb53px\u00bb header_line_height=\u00bb58px\u00bb header_2_text_color=\u00bb#666666&#8243; header_2_font_size=\u00bb33px\u00bb header_2_line_height=\u00bb2.5em\u00bb header_3_text_color=\u00bb#666666&#8243; header_4_text_color=\u00bb#666666&#8243; header_5_text_color=\u00bb#666666&#8243; header_6_text_color=\u00bb#666666&#8243; custom_margin=\u00bb||0.4em||false|false\u00bb global_colors_info=\u00bb{}\u00bb]<\/p>\n<h1>Betty Mendoza<\/h1>\n<p>[\/et_pb_text][et_pb_text _builder_version=\u00bb4.27.4&#8243; _module_preset=\u00bbdefault\u00bb header_font=\u00bb|700|||||||\u00bb header_font_size=\u00bb53px\u00bb header_line_height=\u00bb58px\u00bb header_2_text_color=\u00bb#666666&#8243; header_2_font_size=\u00bb33px\u00bb header_2_line_height=\u00bb2.5em\u00bb header_3_text_color=\u00bb#666666&#8243; header_3_font_size=\u00bb42px\u00bb header_3_line_height=\u00bb0.5em\u00bb global_colors_info=\u00bb{}\u00bb]<\/p>\n<h2>Wellnest<\/h2>\n<h3><span>Directora de Servicios Ambulatorios (Director of Outpatient Services)<\/span><\/h3>\n<p>[\/et_pb_text][\/et_pb_column][\/et_pb_row][et_pb_row _builder_version=\u00bb4.20.0&#8243; _module_preset=\u00bbdefault\u00bb global_colors_info=\u00bb{}\u00bb][et_pb_column type=\u00bb4_4&#8243; _builder_version=\u00bb4.20.0&#8243; _module_preset=\u00bbdefault\u00bb global_colors_info=\u00bb{}\u00bb][et_pb_text _builder_version=\u00bb4.27.4&#8243; _module_preset=\u00bbdefault\u00bb text_text_color=\u00bb#666666&#8243; custom_padding=\u00bb|||0px|false|false\u00bb hover_enabled=\u00bb0&#8243; global_colors_info=\u00bb{}\u00bb sticky_enabled=\u00bb0&#8243;]<\/p>\n<p><span style=\"text-decoration: underline;\"><strong><em><a href=\"https:\/\/www.wellnestla.org\/wp-content\/uploads\/2025\/11\/Spanish-Version-Betty-1.pdf\" rel=\"attachment wp-att-6966\">En espa\u00f1ol<\/a><\/em><\/strong><\/span><\/p>\n<p><strong>Hola Betty, comp\u00e1rtenos brevemente cu\u00e1l es tu papel y cu\u00e1les son tus funciones principales en Wellnest.<\/strong><\/p>\n<p>Llevo 27 a\u00f1os trabajando en Wellnest y actualmente soy Directora de Servicios Ambulatorios en la oficina de Wellnest en Leimert Park, donde superviso tres programas clave: Servicios Ambulatorios, Servicios de Telesalud y el Programa Mente, Cuerpo y Coraz\u00f3n del Centro M\u00e9dico Adventista White Memorial. El Programa Mente, Cuerpo y Coraz\u00f3n sirve a la comunidad latina, apoyando a las personas que se enfrentan tanto a problemas de salud mental como a enfermedades cr\u00f3nicas. <\/p>\n<p>Mis responsabilidades incluyen contratar y supervisar al personal, desarrollar pol\u00edticas y procedimientos, orientar al equipo directivo y mejorar la calidad del programa para garantizar la mejor atenci\u00f3n a nuestros clientes. Mi inspiraci\u00f3n empez\u00f3 muy pronto, cuando me di cuenta de lo afortunada que era por tener unos padres que me apoyaban, algo de lo que carec\u00edan muchos de mis compa\u00f1eros. Sab\u00eda que quer\u00eda ayudar a los j\u00f3venes que se enfrentaban a problemas de salud mental. Con el tiempo, tambi\u00e9n vi las barreras y el estigma que rodean a la salud mental en la comunidad latina, lo que me motiv\u00f3 a ampliar el acceso y la educaci\u00f3n para quienes m\u00e1s lo necesitan.   <\/p>\n<p><strong>\u00bfCu\u00e1les cree usted que son los mayores desaf\u00edos en la atenci\u00f3n de la salud mental hoy en d\u00eda? \u00bfY c\u00f3mo afronta Wellnest estos retos?<\/strong><\/p>\n<p>El acceso a los servicios de salud mental es un reto importante para las comunidades a las que servimos. En Wellnest, abordamos este problema ofreciendo servicios en varias escuelas cercanas y promocion\u00e1ndolos a trav\u00e9s de plataformas como Facebook e Instagram. Garantizamos una atenci\u00f3n oportuna al no mantener listas de espera para los servicios. Otro obst\u00e1culo es el estigma que rodea a la salud mental y la falta de concienciaci\u00f3n en la comunidad. Para hacer frente a esto, Wellnest organiza c\u00edrculos de sanaci\u00f3n y talleres de salud mental, proporcionando educaci\u00f3n y creando espacios seguros para el di\u00e1logo y el apoyo.    <\/p>\n<p><strong>\u00bfCu\u00e1les crees que son los mayores factores de estr\u00e9s a los que se enfrentan hoy en d\u00eda los profesionales de la salud mental que prestan servicios de salud mental a ni\u00f1os y familias?<\/strong><\/p>\n<p>La profesi\u00f3n de la salud mental exige que los terapeutas atiendan a un n\u00famero determinado de clientes para cumplir las expectativas del organismo. Aunque los terapeutas prestan atenci\u00f3n eficazmente y cumplimentan la documentaci\u00f3n necesaria para el Departamento de Salud Mental, los salarios suelen ser inferiores a los de otras organizaciones, como los distritos escolares o el propio Departamento de Salud Mental. Como consecuencia, muchos terapeutas se marchan para buscar puestos mejor pagados.  <\/p>\n<p>Los terapeutas tambi\u00e9n se enfrentan a retos para equilibrar el trabajo y la vida personal. Entre la atenci\u00f3n a los clientes, el papeleo y las formaciones obligatorias, a menudo experimentan fatiga, estr\u00e9s y preocupaci\u00f3n. Adem\u00e1s, las redadas del ICE crean una inseguridad profesional y personal adicional. Los terapeutas se esfuerzan por proteger a sus clientes, y a veces a sus propias familias, sin una orientaci\u00f3n clara para navegar por estas complejas presiones sociopol\u00edticas.   <\/p>\n<p><strong>\u00bfVe alguna forma o enfoque innovador que est\u00e9 dando forma al futuro de la salud mental?<\/strong><\/p>\n<p>Los servicios de telesalud est\u00e1n ampliando el acceso a la atenci\u00f3n de salud mental para ni\u00f1os y adultos que no quieren o no pueden asistir a terapia presencial. Aunque existen retos, como la privacidad limitada, la conectividad incoherente y la posibilidad de pasar por alto se\u00f1ales no verbales, la telesalud ofrece ventajas significativas. Mejora el acceso, reduce las barreras del transporte, aumenta la comodidad y favorece la asistencia incluso cuando los clientes est\u00e1n enfermos.  <\/p>\n<p>Los terapeutas tambi\u00e9n se benefician de las plataformas virtuales, que ofrecen m\u00e1s oportunidades de formaci\u00f3n y desarrollo profesional. La comunicaci\u00f3n inmediata mejora la conexi\u00f3n entre terapeuta y cliente. <\/p>\n<p>La integraci\u00f3n de pr\u00e1cticas no tradicionales, como el arte, la zumba, el yoga y las terapias herbales, junto con los servicios de salud mental, est\u00e1 produciendo mejores resultados, como la reducci\u00f3n de los s\u00edntomas, el menor n\u00famero de hospitalizaciones y la disminuci\u00f3n de los costes de las citas. Esperamos que, en el futuro, Medi-Cal y Medicare reconozcan el valor y la rentabilidad de combinar estos enfoques innovadores con la terapia. <\/p>\n<p><strong>\u00bfHay algo que compartir\u00edas o alg\u00fan consejo que dar\u00edas a la pr\u00f3xima generaci\u00f3n de profesionales de la salud mental?  <\/strong><\/p>\n<p>Les dir\u00eda que el trabajo en salud mental es dif\u00edcil, complejo y a menudo estresante, pero tambi\u00e9n profundamente gratificante. Cada cliente aporta su propia historia de traumas, luchas de salud mental y experiencias vitales. Si gestionar las emociones fuera f\u00e1cil, no necesitar\u00edan terapia.  <\/p>\n<p>Por tanto, es esencial prepararse mental y emocionalmente para las experiencias que escucharemos y las intervenciones que realizaremos. La empat\u00eda, la paciencia, la comprensi\u00f3n y la compasi\u00f3n son fundamentales, como lo es mantenerse conectado con la raz\u00f3n fundamental por la que elegiste esta profesi\u00f3n. <\/p>\n<p><strong>\u00bfCu\u00e1les son algunas de las necesidades singulares de salud mental o barreras a la atenci\u00f3n que has observado en la comunidad hispana, y c\u00f3mo trabaja Wellnest para superarlas?<\/strong><\/p>\n<p>La comunidad latina se enfrenta a muchas barreras para recibir atenci\u00f3n, como una comprensi\u00f3n limitada del v\u00ednculo entre la salud mental y la f\u00edsica, la falta de seguro m\u00e9dico y la escasez de terapeutas hispanohablantes. Wellnest aborda estos retos ofreciendo salarios competitivos, incluido un diferencial para el personal hispanohablante, garantizando que los clientes puedan recibir los servicios en su idioma preferido. A los terapeutas que s\u00f3lo trabajan en ingl\u00e9s, les ayudan traductores profesionales.  <\/p>\n<p>Wellnest tambi\u00e9n recibe financiaci\u00f3n para atender a clientes sin seguro y no mantiene lista de espera. El programa Mente, Cuerpo y Coraz\u00f3n trabaja para reducir el estigma de la salud mental mediante talleres educativos. Todos los martes, en el White Memorial Garden, ofrecemos talleres en espa\u00f1ol para la comunidad latina, con int\u00e9rpretes disponibles cuando es necesario.  <\/p>\n<p><strong>Wellnest presta servicios a aproximadamente el 56% de los clientes de Wellnest que son hispanos. \u00bfC\u00f3mo afecta la comprensi\u00f3n cultural o la accesibilidad ling\u00fc\u00edstica a la forma en que prestamos servicios de salud mental a nuestros clientes hispanos? <\/strong><\/p>\n<p>Wellnest contrata a terapeutas hispanohablantes y ofrece una diferencia salarial para atraerlos y retenerlos. Hablar espa\u00f1ol refuerza la confianza y la conexi\u00f3n entre clientes y terapeutas, mejora la comunicaci\u00f3n y aumenta la probabilidad de que los clientes permanezcan en tratamiento. Para quienes dudan sobre la atenci\u00f3n sanitaria mental, recibir informaci\u00f3n en su idioma puede motivarles a buscar servicios. Utilizar el humor, modismos y expresiones culturalmente familiares tambi\u00e9n ayuda a los clientes a sentirse m\u00e1s c\u00f3modos y comprendidos.   <\/p>\n<p>&nbsp;<\/p>\n<p>[\/et_pb_text][et_pb_text _builder_version=\u00bb4.27.3&#8243; _module_preset=\u00bbdefault\u00bb link_font=\u00bb|700|on||||||\u00bb global_colors_info=\u00bb{}\u00bb]<\/p>\n<p>\u2190 <a href=\"\/resources\/askanexpert\">Volver a Preguntar a un Experto<\/a><\/p>\n<p>[\/et_pb_text][\/et_pb_column][\/et_pb_row][\/et_pb_section]<\/p>\n","protected":false},"excerpt":{"rendered":"<p>Charlene Dimas-Peinado se uni\u00f3 a Wellnest en 2016 como su nueva presidenta y directora ejecutiva, para liderar la organizaci\u00f3n de salud conductual informada sobre trauma reconocida a nivel nacional en Los \u00c1ngeles en su pr\u00f3xima fase. <\/p>\n","protected":false},"author":13,"featured_media":0,"parent":5938,"menu_order":0,"comment_status":"closed","ping_status":"closed","template":"","meta":{"_et_pb_use_builder":"on","_et_pb_old_content":"","_et_gb_content_width":"","inline_featured_image":false,"_monsterinsights_skip_tracking":false,"_monsterinsights_sitenote_active":false,"_monsterinsights_sitenote_note":"","_monsterinsights_sitenote_category":0,"footnotes":""},"class_list":["post-6972","page","type-page","status-publish","hentry"],"_links":{"self":[{"href":"https:\/\/www.wellnestla.org\/es\/wp-json\/wp\/v2\/pages\/6972","targetHints":{"allow":["GET"]}}],"collection":[{"href":"https:\/\/www.wellnestla.org\/es\/wp-json\/wp\/v2\/pages"}],"about":[{"href":"https:\/\/www.wellnestla.org\/es\/wp-json\/wp\/v2\/types\/page"}],"author":[{"embeddable":true,"href":"https:\/\/www.wellnestla.org\/es\/wp-json\/wp\/v2\/users\/13"}],"replies":[{"embeddable":true,"href":"https:\/\/www.wellnestla.org\/es\/wp-json\/wp\/v2\/comments?post=6972"}],"version-history":[{"count":5,"href":"https:\/\/www.wellnestla.org\/es\/wp-json\/wp\/v2\/pages\/6972\/revisions"}],"predecessor-version":[{"id":6986,"href":"https:\/\/www.wellnestla.org\/es\/wp-json\/wp\/v2\/pages\/6972\/revisions\/6986"}],"up":[{"embeddable":true,"href":"https:\/\/www.wellnestla.org\/es\/wp-json\/wp\/v2\/pages\/5938"}],"wp:attachment":[{"href":"https:\/\/www.wellnestla.org\/es\/wp-json\/wp\/v2\/media?parent=6972"}],"curies":[{"name":"wp","href":"https:\/\/api.w.org\/{rel}","templated":true}]}}