{"id":6978,"date":"2025-05-21T00:48:02","date_gmt":"2025-05-21T00:48:02","guid":{"rendered":"https:\/\/www.wellnestla.org\/acerca-de\/liderazgo\/preguntele-a-un-experto-adam-sternberg\/"},"modified":"2025-11-20T19:24:49","modified_gmt":"2025-11-20T19:24:49","slug":"preguntele-a-un-experto-adam-sternberg","status":"publish","type":"page","link":"https:\/\/www.wellnestla.org\/es\/acerca-de\/liderazgo\/preguntele-a-un-experto-adam-sternberg\/","title":{"rendered":"Preg\u00fantele a un experto: Adam Sternberg"},"content":{"rendered":"<p>[et_pb_section fb_built=\u00bb1&#8243; _builder_version=\u00bb4.20.0&#8243; _module_preset=\u00bbdefault\u00bb global_colors_info=\u00bb{}\u00bb][et_pb_row column_structure=\u00bb2_5,3_5&#8243; _builder_version=\u00bb4.20.0&#8243; _module_preset=\u00bbdefault\u00bb background_color=\u00bbgcid-423faae7-2e04-40b4-9bb5-e270c6360f99&#8243; custom_padding=\u00bb0px||0px||false|false\u00bb global_colors_info=\u00bb{%22gcid-423faae7-2e04-40b4-9bb5-e270c6360f99%22:%91%22background_color%22%93}\u00bb][et_pb_column type=\u00bb2_5&#8243; _builder_version=\u00bb4.20.0&#8243; _module_preset=\u00bbdefault\u00bb global_colors_info=\u00bb{}\u00bb][et_pb_image src=\u00bbhttps:\/\/www.wellnestla.org\/wp-content\/uploads\/2025\/05\/adam-headshot-e1747936765145-246&#215;300.jpg\u00bb alt=\u00bbCharlene Dimas-Peinado\u00bb title_text=\u00bbAdam foto\u00bb force_fullwidth=\u00bbon\u00bb _builder_version=\u00bb4.27.3&#8243; _module_preset=\u00bbdefault\u00bb global_colors_info=\u00bb{}\u00bb][\/et_pb_image][\/et_pb_column][et_pb_column type=\u00bb3_5&#8243; _builder_version=\u00bb4.20.0&#8243; _module_preset=\u00bbdefault\u00bb custom_padding=\u00bb60px||||false|false\u00bb custom_padding_tablet=\u00bb20px|20px|30px|20px|false|false\u00bb custom_padding_phone=\u00bb20px|20px|30px|20px|false|false\u00bb custom_padding_last_edited=\u00bbon|phone\u00bb global_colors_info=\u00bb{}\u00bb][dipl_breadcrumb breadcrumb_layout=\u00bblayout2&#8243; separator_type=\u00bbicon_separator\u00bb separator_icon=\u00bb&#xf0da;||fa||900&#8243; separator_size=\u00bb13px\u00bb separator_color=\u00bbgcid-5d685373-0ca0-404e-b8bf-74d115c5b5ad\u00bb separator_size_tablet=\u00bb13px\u00bb separator_size_phone=\u00bb8px\u00bb separator_size_last_edited=\u00bbon|phone\u00bb _builder_version=\u00bb4.20.0&#8243; _module_preset=\u00bbdefault\u00bb global_text_settings_font_size=\u00bb13px\u00bb text_font=\u00bb|700|||||||\u00bb global_text_settings_font_size_tablet=\u00bb13px\u00bb global_text_settings_font_size_phone=\u00bb8px\u00bb global_text_settings_font_size_last_edited=\u00bbon|phone\u00bb global_colors_info=\u00bb{%22gcid-5d685373-0ca0-404e-b8bf-74d115c5b5ad%22:%91%22separator_color%22,%22separator_color%22%93}\u00bb][\/dipl_breadcrumb][et_pb_text _builder_version=\u00bb4.20.0&#8243; _module_preset=\u00bbdefault\u00bb header_font=\u00bb|700|||||||\u00bb header_font_size=\u00bb53px\u00bb header_line_height=\u00bb58px\u00bb header_2_font_size=\u00bb33px\u00bb header_2_line_height=\u00bb2.5em\u00bb custom_margin=\u00bb||0.4em||false|false\u00bb global_colors_info=\u00bb{}\u00bb]<\/p>\n<h1>Adam Sternberg<\/h1>\n<p>[\/et_pb_text][et_pb_text _builder_version=\u00bb4.20.0&#8243; _module_preset=\u00bbdefault\u00bb header_font=\u00bb|700|||||||\u00bb header_font_size=\u00bb53px\u00bb header_line_height=\u00bb58px\u00bb header_2_font_size=\u00bb33px\u00bb header_2_line_height=\u00bb2.5em\u00bb header_3_font_size=\u00bb42px\u00bb header_3_line_height=\u00bb0.5em\u00bb global_colors_info=\u00bb{}\u00bb]<\/p>\n<h2>Wellnest<\/h2>\n<h3><span>Director de Servicios Ambulatorios (Director of Outpatient Services)<\/span><\/h3>\n<p>[\/et_pb_text][\/et_pb_column][\/et_pb_row][et_pb_row _builder_version=\u00bb4.20.0&#8243; _module_preset=\u00bbdefault\u00bb global_colors_info=\u00bb{}\u00bb][et_pb_column type=\u00bb4_4&#8243; _builder_version=\u00bb4.20.0&#8243; _module_preset=\u00bbdefault\u00bb global_colors_info=\u00bb{}\u00bb][et_pb_text _builder_version=\u00bb4.27.3&#8243; _module_preset=\u00bbdefault\u00bb custom_padding=\u00bb|||0px|false|false\u00bb global_colors_info=\u00bb{}\u00bb]<\/p>\n<p><strong><\/strong><\/p>\n<p><strong>Hola Adam, cu\u00e9ntanos brevemente cu\u00e1l es tu funci\u00f3n y cu\u00e1les son tus principales tareas en Wellnest. <\/strong><\/p>\n<p>Soy el Director de Servicios Ambulatorios en las oficinas de Exposition Park, supervisando cinco programas: Nuestra Cl\u00ednica de Inscripci\u00f3n Centralizada (Access), Servicios Ambulatorios, Servicios Psiqui\u00e1tricos, Servicios Vinculados a la Escuela y el Programa de Capacitaci\u00f3n Predoctoral que dirijo junto con el Dr. Rick Saneda. Soy responsable de la dotaci\u00f3n de personal, los procedimientos y la capacitaci\u00f3n para garantizar una atenci\u00f3n cl\u00ednica de alta calidad, al mismo tiempo que apoyo las mejoras y el desarrollo del programa en respuesta a las necesidades de la agencia y la comunidad.<\/p>\n<p><strong>\u00bfQu\u00e9 te inspir\u00f3 a trabajar en salud mental? <\/strong><\/p>\n<p>Mi inspiraci\u00f3n para trabajar en salud mental proviene de dos experiencias principales. A medida que crec\u00ed, asist\u00ed a diferentes escuelas en diferentes ciudades y vi c\u00f3mo variaban las expectativas sociales, incluido el enfrentamiento de algunos prejuicios religiosos. En la escuela secundaria, tambi\u00e9n perd\u00ed a dos compa\u00f1eros por suicidio relacionado con las drogas, lo que me llev\u00f3 a explorar c\u00f3mo el consumo de sustancias y las experiencias de vida afectan la salud mental.<\/p>\n<p><strong>\u00bfCu\u00e1les cree usted que son los mayores desaf\u00edos en la atenci\u00f3n de la salud mental hoy en d\u00eda? <\/strong><\/p>\n<p>Uno de los mayores desaf\u00edos en la atenci\u00f3n de la salud mental hoy en d\u00eda es mantenerse al d\u00eda con los cambios ambientales (como la COVID), el clima sociopol\u00edtico (por ejemplo, las redadas de ICE, los cambios econ\u00f3micos) y los r\u00e1pidos avances tecnol\u00f3gicos. Si bien el campo se adapt\u00f3 bien durante la pandemia (pasando r\u00e1pidamente a plataformas remotas como Zoom), la tecnolog\u00eda contin\u00faa superando a la pr\u00e1ctica cl\u00ednica. Encontrar el equilibrio adecuado entre los servicios presenciales y de telesalud sigue siendo un desaf\u00edo, especialmente cuando se consideran los factores de riesgo del cliente y la calidad de la conexi\u00f3n terap\u00e9utica. Si bien la telesalud aumenta el acceso para muchos, tambi\u00e9n puede generar desconexi\u00f3n, como cuando los clientes reciben llamadas en entornos que los distraen o cuando los terapeutas pasan por alto se\u00f1ales no verbales que son fundamentales para la atenci\u00f3n.<\/p>\n<p><strong>\u00bfY c\u00f3mo est\u00e1 abordando Wellnest estos desaf\u00edos?<\/strong><\/p>\n<p>Wellnest ha abordado estos problemas de forma proactiva implementando una semana laboral h\u00edbrida, que apoya tanto la flexibilidad como la conexi\u00f3n en la oficina. La agencia tambi\u00e9n promueve la participaci\u00f3n en persona para mantener la comunidad y eval\u00faa si la telesalud es cl\u00ednicamente apropiada para cada cliente, especialmente aquellos que pueden estar en riesgo y necesitan una observaci\u00f3n m\u00e1s cercana.<\/p>\n<p><strong>\u00bfCu\u00e1les cree usted que son los mayores factores de estr\u00e9s que enfrentan los profesionales de la salud mental hoy en d\u00eda? <\/strong><\/p>\n<p>Uno de los mayores factores de estr\u00e9s para los profesionales de la salud mental hoy en d\u00eda \u2013especialmente en la salud mental comunitaria\u2013 es una crisis de convicciones. Durante la pandemia de COVID, los proveedores tuvieron que adaptarse r\u00e1pidamente para proteger tanto a sus clientes como a s\u00ed mismos, a menudo con un gran costo personal. Muchos contrajeron el virus, cuidaron a familiares enfermos o incluso abandonaron la profesi\u00f3n. El aislamiento y el trauma de la pandemia afectaron profundamente a los proveedores y las comunidades, contribuyendo al aumento de las tasas de ansiedad, depresi\u00f3n, consumo de sustancias y un r\u00e9cord de suicidios en 2022, el m\u00e1s alto desde 1941. El aislamiento y el trauma de la pandemia afectar\u00e1n profundamente a los proveedores y las comunidades, contribuyendo al aumento de las tasas de ansiedad, depresi\u00f3n, consumo de sustancias y un r\u00e9cord de suicidios en 2022, el m\u00e1s alto desde 1941. Al mismo tiempo, la salud mental comunitaria opera bajo un modelo financiero diferente al de la pr\u00e1ctica privada. Los salarios dependen de la financiaci\u00f3n p\u00fablica, no de cu\u00e1ntos clientes atienden los proveedores. Si bien la complejidad de la atenci\u00f3n ha aumentado, la compensaci\u00f3n financiera no ha seguido ese mismo ritmo.<\/p>\n<p><strong>\u00bfVe alguna forma o enfoque innovador que est\u00e9 dando forma al futuro de la salud mental? \u00bfC\u00f3mo mantenerse al d\u00eda con las tendencias y mejores pr\u00e1cticas en salud mental?<\/strong><\/p>\n<p>Para mantener mi licencia, completo al menos 18 horas de educaci\u00f3n continua al a\u00f1o, a trav\u00e9s de seminarios presenciales, virtuales o a mi propio ritmo, muchos de ellos ofrecidos por el programa de capacitaci\u00f3n interno de Wellnest. Tambi\u00e9n me suscribo a revistas profesionales y me mantengo comprometido a trav\u00e9s de la supervisi\u00f3n semanal con l\u00edderes de agencias y proveedores para explorar nuevos enfoques. <span data-olk-copy-source=\"MessageBody\">El procesamiento som\u00e1tico es un enfoque terap\u00e9utico que se centra en la respuesta del cuerpo al trauma y al estr\u00e9s, en lugar de abordar \u00fanicamente la mente y acceder a estas respuestas verbalmente cuando pueden desafiar una comprensi\u00f3n verbal. La atenci\u00f3n del cliente se dirige hacia las sensaciones internas en lugar de centrarse \u00fanicamente en las experiencias cognitivas o emocionales. Se basa en la idea de que nuestros cuerpos pueden almacenar y liberar tensi\u00f3n emocional y f\u00edsica de experiencias pasadas. La terapia som\u00e1tica tiene como objetivo ayudar a las personas a ser m\u00e1s conscientes de sus sensaciones f\u00edsicas y emociones y a aprender a regular su sistema nervioso. <\/span><\/p>\n<p>Un \u00e1rea emergente que considero prometedora es el procesamiento del trauma facilitado por medicamentos. La idea es que sustancias como la ketamina o los psicod\u00e9licos (por ejemplo, los hongos) pueden actuar como amortiguadores emocionales, ayudando a los sobrevivientes de traumas a procesar recuerdos dolorosos con menos angustia. Si bien las primeras investigaciones son prometedoras, es esencial que estos tratamientos permanezcan en manos de profesionales capacitados: no est\u00e1n pensados para ser herramientas de autoayuda. Y a\u00fan est\u00e1n lejos de estar ampliamente disponibles, especialmente en entornos de salud mental comunitarios.<\/p>\n<p><strong>\u00bfAlgo que compartir\u00edas o alg\u00fan consejo que dar\u00edas a la pr\u00f3xima generaci\u00f3n de profesionales de la salud mental? <\/strong><\/p>\n<p>Para quienes ingresan a este campo, es fundamental mantenerse conectados con su misi\u00f3n y valores personales. El trabajo de salud mental es mucho m\u00e1s que una conversaci\u00f3n semanal: a menudo significa abordar necesidades intensas de los clientes, sistemas resistentes y desaf\u00edos sociales impredecibles. Saber por qu\u00e9 eligi\u00f3 este camino y arraigarse en ese prop\u00f3sito le ayudar\u00e1 a guiar su tratamiento y le brindar\u00e1 apoyo durante los momentos m\u00e1s dif\u00edciles.<\/p>\n<p>&nbsp;<\/p>\n<p>[\/et_pb_text][et_pb_text _builder_version=\u00bb4.27.3&#8243; _module_preset=\u00bbdefault\u00bb link_font=\u00bb|700|on||||||\u00bb global_colors_info=\u00bb{}\u00bb]<\/p>\n<p>\u2190 <a href=\"\/resources\/askanexpert\">Volver a Preguntar a un Experto<\/a><\/p>\n<p>[\/et_pb_text][\/et_pb_column][\/et_pb_row][\/et_pb_section]<\/p>\n","protected":false},"excerpt":{"rendered":"<p>Charlene Dimas-Peinado se uni\u00f3 a Wellnest en 2016 como su nueva presidenta y directora ejecutiva, para liderar la organizaci\u00f3n de salud conductual informada sobre trauma reconocida a nivel nacional en Los \u00c1ngeles en su pr\u00f3xima fase. <\/p>\n","protected":false},"author":8,"featured_media":0,"parent":5938,"menu_order":0,"comment_status":"closed","ping_status":"closed","template":"","meta":{"_et_pb_use_builder":"on","_et_pb_old_content":"","_et_gb_content_width":"","inline_featured_image":false,"_monsterinsights_skip_tracking":false,"_monsterinsights_sitenote_active":false,"_monsterinsights_sitenote_note":"","_monsterinsights_sitenote_category":0,"footnotes":""},"class_list":["post-6978","page","type-page","status-publish","hentry"],"_links":{"self":[{"href":"https:\/\/www.wellnestla.org\/es\/wp-json\/wp\/v2\/pages\/6978","targetHints":{"allow":["GET"]}}],"collection":[{"href":"https:\/\/www.wellnestla.org\/es\/wp-json\/wp\/v2\/pages"}],"about":[{"href":"https:\/\/www.wellnestla.org\/es\/wp-json\/wp\/v2\/types\/page"}],"author":[{"embeddable":true,"href":"https:\/\/www.wellnestla.org\/es\/wp-json\/wp\/v2\/users\/8"}],"replies":[{"embeddable":true,"href":"https:\/\/www.wellnestla.org\/es\/wp-json\/wp\/v2\/comments?post=6978"}],"version-history":[{"count":2,"href":"https:\/\/www.wellnestla.org\/es\/wp-json\/wp\/v2\/pages\/6978\/revisions"}],"predecessor-version":[{"id":6980,"href":"https:\/\/www.wellnestla.org\/es\/wp-json\/wp\/v2\/pages\/6978\/revisions\/6980"}],"up":[{"embeddable":true,"href":"https:\/\/www.wellnestla.org\/es\/wp-json\/wp\/v2\/pages\/5938"}],"wp:attachment":[{"href":"https:\/\/www.wellnestla.org\/es\/wp-json\/wp\/v2\/media?parent=6978"}],"curies":[{"name":"wp","href":"https:\/\/api.w.org\/{rel}","templated":true}]}}